{"id":12663,"date":"2024-04-18T17:43:49","date_gmt":"2024-04-18T17:43:49","guid":{"rendered":"https:\/\/sculptorclinic.com\/cirugia-plastica-2\/"},"modified":"2025-12-09T14:50:33","modified_gmt":"2025-12-09T14:50:33","slug":"contactus-thank-you","status":"publish","type":"page","link":"https:\/\/sculptorclinic.com\/en\/contactus-thank-you\/","title":{"rendered":"TY-Contacto"},"content":{"rendered":"<div data-elementor-type=\"wp-page\" data-elementor-id=\"12663\" class=\"elementor elementor-12663\" data-elementor-post-type=\"page\">\n\t\t\t\t\t\t<section class=\"wd-negative-gap elementor-section elementor-top-section elementor-element elementor-element-88bbe6a elementor-section-full_width elementor-section-content-bottom elementor-section-stretched elementor-section-height-default elementor-section-height-default\" data-id=\"88bbe6a\" data-element_type=\"section\" data-e-type=\"section\" data-settings=\"{&quot;stretch_section&quot;:&quot;section-stretched&quot;,&quot;background_background&quot;:&quot;classic&quot;}\">\n\t\t\t\t\t\t\t<div class=\"elementor-background-overlay\"><\/div>\n\t\t\t\t\t\t\t<div class=\"elementor-container elementor-column-gap-no\">\n\t\t\t\t\t<div class=\"elementor-column elementor-col-100 elementor-top-column elementor-element elementor-element-e136c48\" data-id=\"e136c48\" data-element_type=\"column\" data-e-type=\"column\">\n\t\t\t<div class=\"elementor-widget-wrap elementor-element-populated\">\n\t\t\t\t\t\t<section class=\"elementor-section elementor-inner-section elementor-element elementor-element-db942b6 elementor-section-content-bottom elementor-section-full_width elementor-section-height-default elementor-section-height-default\" data-id=\"db942b6\" data-element_type=\"section\" data-e-type=\"section\">\n\t\t\t\t\t\t<div class=\"elementor-container elementor-column-gap-no\">\n\t\t\t\t\t<div class=\"elementor-column elementor-col-100 elementor-inner-column elementor-element elementor-element-2bd1c02\" data-id=\"2bd1c02\" data-element_type=\"column\" data-e-type=\"column\">\n\t\t\t<div class=\"elementor-widget-wrap elementor-element-populated\">\n\t\t\t\t\t\t<div class=\"elementor-element elementor-element-1312ffc elementor-widget__width-inherit elementor-widget elementor-widget-heading\" data-id=\"1312ffc\" data-element_type=\"widget\" data-e-type=\"widget\" data-widget_type=\"heading.default\">\n\t\t\t\t<div class=\"elementor-widget-container\">\n\t\t\t\t\t<h2 class=\"elementor-heading-title elementor-size-default\">Contact <\/h2>\t\t\t\t<\/div>\n\t\t\t\t<\/div>\n\t\t\t\t\t<\/div>\n\t\t<\/div>\n\t\t\t\t\t<\/div>\n\t\t<\/section>\n\t\t\t\t\t<\/div>\n\t\t<\/div>\n\t\t\t\t\t<\/div>\n\t\t<\/section>\n\t\t\t\t<section class=\"wd-negative-gap elementor-section elementor-top-section elementor-element elementor-element-72660ef content_esp elementor-section-content-middle elementor-section-full_width elementor-section-stretched elementor-section-height-default elementor-section-height-default\" data-id=\"72660ef\" data-element_type=\"section\" data-e-type=\"section\" data-settings=\"{&quot;stretch_section&quot;:&quot;section-stretched&quot;}\">\n\t\t\t\t\t\t<div class=\"elementor-container elementor-column-gap-default\">\n\t\t\t\t\t<div class=\"elementor-column elementor-col-100 elementor-top-column elementor-element elementor-element-2a1247f\" data-id=\"2a1247f\" data-element_type=\"column\" data-e-type=\"column\">\n\t\t\t<div class=\"elementor-widget-wrap elementor-element-populated\">\n\t\t\t\t\t\t<div class=\"elementor-element elementor-element-3ff8e6c elementor-widget elementor-widget-heading\" data-id=\"3ff8e6c\" data-element_type=\"widget\" data-e-type=\"widget\" data-widget_type=\"heading.default\">\n\t\t\t\t<div class=\"elementor-widget-container\">\n\t\t\t\t\t<h2 class=\"elementor-heading-title elementor-size-xl\"><b>MUCHAS GRACIAS!<\/b><\/h2>\t\t\t\t<\/div>\n\t\t\t\t<\/div>\n\t\t\t\t<div class=\"elementor-element elementor-element-652b56e elementor-widget-divider--view-line elementor-widget elementor-widget-divider\" data-id=\"652b56e\" data-element_type=\"widget\" data-e-type=\"widget\" data-widget_type=\"divider.default\">\n\t\t\t\t<div class=\"elementor-widget-container\">\n\t\t\t\t\t\t\t<div class=\"elementor-divider\">\n\t\t\t<span class=\"elementor-divider-separator\">\n\t\t\t\t\t\t<\/span>\n\t\t<\/div>\n\t\t\t\t\t\t<\/div>\n\t\t\t\t<\/div>\n\t\t\t\t<div class=\"elementor-element elementor-element-23afcb3 elementor-widget elementor-widget-heading\" data-id=\"23afcb3\" data-element_type=\"widget\" data-e-type=\"widget\" data-widget_type=\"heading.default\">\n\t\t\t\t<div class=\"elementor-widget-container\">\n\t\t\t\t\t<h2 class=\"elementor-heading-title elementor-size-xl\">Su formulario ha sido enviado <b>exitosamente<\/b> y ser\u00e1 evaluado.<br>\n\nDurante el transcurso de las pr\u00f3ximas 48hs. recibir\u00e1 un mensaje v\u00eda WhatsApp con los pasos a seguir. <br><br>\n<i>Cualquier duda o consulta, puede contactar a nuestra concierge<\/i><br><\/h2>\t\t\t\t<\/div>\n\t\t\t\t<\/div>\n\t\t\t\t<div class=\"elementor-element elementor-element-45fa230 elementor-widget__width-initial elementor-widget elementor-widget-button\" data-id=\"45fa230\" data-element_type=\"widget\" data-e-type=\"widget\" data-widget_type=\"button.default\">\n\t\t\t\t<div class=\"elementor-widget-container\">\n\t\t\t\t\t\t\t\t\t<div class=\"elementor-button-wrapper\">\n\t\t\t\t\t<a class=\"elementor-button elementor-button-link elementor-size-sm\" href=\"https:\/\/api.whatsapp.com\/send?phone=+18096548888&#038;text=Hola%20Sculptor%20Clinic!\">\n\t\t\t\t\t\t<span class=\"elementor-button-content-wrapper\">\n\t\t\t\t\t\t\t\t\t<span class=\"elementor-button-text\">Concierge<\/span>\n\t\t\t\t\t<\/span>\n\t\t\t\t\t<\/a>\n\t\t\t\t<\/div>\n\t\t\t\t\t\t\t\t<\/div>\n\t\t\t\t<\/div>\n\t\t\t\t\t<\/div>\n\t\t<\/div>\n\t\t\t\t\t<\/div>\n\t\t<\/section>\n\t\t\t\t<section class=\"wd-negative-gap elementor-section elementor-top-section elementor-element elementor-element-3eda34a1 elementor-section-content-middle elementor-section-full_width elementor-section-stretched elementor-section-height-default elementor-section-height-default\" data-id=\"3eda34a1\" data-element_type=\"section\" data-e-type=\"section\" data-settings=\"{&quot;background_background&quot;:&quot;classic&quot;,&quot;stretch_section&quot;:&quot;section-stretched&quot;}\">\n\t\t\t\t\t\t<div class=\"elementor-container elementor-column-gap-no\">\n\t\t\t\t\t<div class=\"elementor-column elementor-col-100 elementor-top-column elementor-element elementor-element-140d11b\" data-id=\"140d11b\" data-element_type=\"column\" data-e-type=\"column\">\n\t\t\t<div class=\"elementor-widget-wrap elementor-element-populated\">\n\t\t\t\t\t\t<section class=\"wd-negative-gap elementor-section elementor-inner-section elementor-element elementor-element-52da5092 elementor-section-boxed elementor-section-height-default elementor-section-height-default\" data-id=\"52da5092\" data-element_type=\"section\" data-e-type=\"section\" data-settings=\"{&quot;background_background&quot;:&quot;classic&quot;}\">\n\t\t\t\t\t\t<div class=\"elementor-container elementor-column-gap-no\">\n\t\t\t\t\t<div class=\"elementor-column elementor-col-100 elementor-inner-column elementor-element elementor-element-7406912e\" data-id=\"7406912e\" data-element_type=\"column\" data-e-type=\"column\" data-settings=\"{&quot;background_background&quot;:&quot;classic&quot;}\">\n\t\t\t<div class=\"elementor-widget-wrap elementor-element-populated\">\n\t\t\t\t\t\t<div class=\"elementor-element elementor-element-54ab231e elementor-widget elementor-widget-heading\" data-id=\"54ab231e\" data-element_type=\"widget\" data-e-type=\"widget\" data-widget_type=\"heading.default\">\n\t\t\t\t<div class=\"elementor-widget-container\">\n\t\t\t\t\t<h1 class=\"elementor-heading-title elementor-size-default\">TU TRANSFORMACI\u00d3N<br>\n<i>STARTS HERE<\/i><\/h1>\t\t\t\t<\/div>\n\t\t\t\t<\/div>\n\t\t\t\t<div class=\"elementor-element elementor-element-35ed00a0 elementor-invisible elementor-widget elementor-widget-heading\" data-id=\"35ed00a0\" data-element_type=\"widget\" data-e-type=\"widget\" data-settings=\"{&quot;_animation&quot;:&quot;fadeInUp&quot;}\" data-widget_type=\"heading.default\">\n\t\t\t\t<div class=\"elementor-widget-container\">\n\t\t\t\t\t<h3 class=\"elementor-heading-title elementor-size-default\">IN A NEW DIMENSION<br \/>OF ART &amp; SERVICE<\/h3>\t\t\t\t<\/div>\n\t\t\t\t<\/div>\n\t\t\t\t<div class=\"elementor-element elementor-element-17bb8232 elementor-widget-divider--view-line elementor-widget elementor-widget-divider\" data-id=\"17bb8232\" data-element_type=\"widget\" data-e-type=\"widget\" data-widget_type=\"divider.default\">\n\t\t\t\t<div class=\"elementor-widget-container\">\n\t\t\t\t\t\t\t<div class=\"elementor-divider\">\n\t\t\t<span class=\"elementor-divider-separator\">\n\t\t\t\t\t\t<\/span>\n\t\t<\/div>\n\t\t\t\t\t\t<\/div>\n\t\t\t\t<\/div>\n\t\t\t\t\t<\/div>\n\t\t<\/div>\n\t\t\t\t\t<\/div>\n\t\t<\/section>\n\t\t\t\t<section class=\"wd-negative-gap elementor-section elementor-inner-section elementor-element elementor-element-2d19eb6 elementor-section-content-middle elementor-section-boxed elementor-section-height-default elementor-section-height-default\" data-id=\"2d19eb6\" data-element_type=\"section\" data-e-type=\"section\" data-settings=\"{&quot;background_background&quot;:&quot;classic&quot;}\">\n\t\t\t\t\t\t<div class=\"elementor-container elementor-column-gap-no\">\n\t\t\t\t\t<div class=\"elementor-column elementor-col-50 elementor-inner-column elementor-element elementor-element-5a35017b\" data-id=\"5a35017b\" data-element_type=\"column\" data-e-type=\"column\" data-settings=\"{&quot;background_background&quot;:&quot;classic&quot;}\">\n\t\t\t<div class=\"elementor-widget-wrap elementor-element-populated\">\n\t\t\t\t\t\t<div class=\"elementor-element elementor-element-532d32e7 elementor-invisible elementor-widget elementor-widget-heading\" data-id=\"532d32e7\" data-element_type=\"widget\" data-e-type=\"widget\" data-settings=\"{&quot;_animation&quot;:&quot;fadeInUp&quot;}\" data-widget_type=\"heading.default\">\n\t\t\t\t<div class=\"elementor-widget-container\">\n\t\t\t\t\t<h3 class=\"elementor-heading-title elementor-size-default\">SCULPTING YOUR HEALTH TO HAPPINESS<\/h3>\t\t\t\t<\/div>\n\t\t\t\t<\/div>\n\t\t\t\t<div class=\"elementor-element elementor-element-7e5977ce elementor-invisible elementor-widget elementor-widget-heading\" data-id=\"7e5977ce\" data-element_type=\"widget\" data-e-type=\"widget\" data-settings=\"{&quot;_animation&quot;:&quot;fadeInUp&quot;}\" data-widget_type=\"heading.default\">\n\t\t\t\t<div class=\"elementor-widget-container\">\n\t\t\t\t\t<h3 class=\"elementor-heading-title elementor-size-default\">The art of living a healthy and fulfilling life is often a mystery to many. We decipher the secret and teach it at Sculptor Clinic. A unique space directed by the hands of artists and with avant-garde technology.<\/h3>\t\t\t\t<\/div>\n\t\t\t\t<\/div>\n\t\t\t\t<div class=\"elementor-element elementor-element-5a5690bd elementor-mobile-align-center elementor-widget elementor-widget-button\" data-id=\"5a5690bd\" data-element_type=\"widget\" data-e-type=\"widget\" data-widget_type=\"button.default\">\n\t\t\t\t<div class=\"elementor-widget-container\">\n\t\t\t\t\t\t\t\t\t<div class=\"elementor-button-wrapper\">\n\t\t\t\t\t<a class=\"elementor-button elementor-button-link elementor-size-xs\" href=\"https:\/\/sculptorclinic.com\/en\/laclinica\/\">\n\t\t\t\t\t\t<span class=\"elementor-button-content-wrapper\">\n\t\t\t\t\t\t\t\t\t<span class=\"elementor-button-text\">Learn more<\/span>\n\t\t\t\t\t<\/span>\n\t\t\t\t\t<\/a>\n\t\t\t\t<\/div>\n\t\t\t\t\t\t\t\t<\/div>\n\t\t\t\t<\/div>\n\t\t\t\t\t<\/div>\n\t\t<\/div>\n\t\t\t\t<div class=\"elementor-column elementor-col-50 elementor-inner-column elementor-element elementor-element-21e22bfa\" data-id=\"21e22bfa\" data-element_type=\"column\" data-e-type=\"column\">\n\t\t\t<div class=\"elementor-widget-wrap elementor-element-populated\">\n\t\t\t\t\t\t<div class=\"elementor-element elementor-element-ad6d225 elementor-widget elementor-widget-image\" data-id=\"ad6d225\" data-element_type=\"widget\" data-e-type=\"widget\" data-widget_type=\"image.default\">\n\t\t\t\t<div class=\"elementor-widget-container\">\n\t\t\t\t\t\t\t\t\t\t\t\t\t\t\t<img decoding=\"async\" width=\"1000\" height=\"1079\" data-src=\"https:\/\/sculptorclinic.com\/wp-content\/uploads\/2023\/01\/laura-ricardo.png\" class=\"attachment-full size-full wp-image-9379 lazyload\" alt=\"\" data-srcset=\"https:\/\/sculptorclinic.com\/wp-content\/uploads\/2023\/01\/laura-ricardo.png 1000w, https:\/\/sculptorclinic.com\/wp-content\/uploads\/2023\/01\/laura-ricardo-278x300.png 278w, https:\/\/sculptorclinic.com\/wp-content\/uploads\/2023\/01\/laura-ricardo-741x800.png 741w, https:\/\/sculptorclinic.com\/wp-content\/uploads\/2023\/01\/laura-ricardo-768x829.png 768w, https:\/\/sculptorclinic.com\/wp-content\/uploads\/2023\/01\/laura-ricardo-11x12.png 11w\" data-sizes=\"(max-width: 1000px) 100vw, 1000px\" src=\"data:image\/svg+xml;base64,PHN2ZyB3aWR0aD0iMSIgaGVpZ2h0PSIxIiB4bWxucz0iaHR0cDovL3d3dy53My5vcmcvMjAwMC9zdmciPjwvc3ZnPg==\" style=\"--smush-placeholder-width: 1000px; --smush-placeholder-aspect-ratio: 1000\/1079;\" \/>\t\t\t\t\t\t\t\t\t\t\t\t\t\t\t<\/div>\n\t\t\t\t<\/div>\n\t\t\t\t\t<\/div>\n\t\t<\/div>\n\t\t\t\t\t<\/div>\n\t\t<\/section>\n\t\t\t\t\t<\/div>\n\t\t<\/div>\n\t\t\t\t\t<\/div>\n\t\t<\/section>\n\t\t\t\t<section class=\"wd-negative-gap elementor-section elementor-top-section elementor-element elementor-element-dd0168b elementor-section-boxed elementor-section-height-default elementor-section-height-default\" data-id=\"dd0168b\" data-element_type=\"section\" data-e-type=\"section\">\n\t\t\t\t\t\t<div class=\"elementor-container elementor-column-gap-default\">\n\t\t\t\t\t<div class=\"elementor-column elementor-col-100 elementor-top-column elementor-element elementor-element-d34fad4\" data-id=\"d34fad4\" data-element_type=\"column\" data-e-type=\"column\">\n\t\t\t<div class=\"elementor-widget-wrap\">\n\t\t\t\t\t\t\t<\/div>\n\t\t<\/div>\n\t\t\t\t\t<\/div>\n\t\t<\/section>\n\t\t\t\t<\/div>","protected":false},"excerpt":{"rendered":"<p>Contacto MUCHAS GRACIAS! Su formulario ha sido enviado exitosamente y ser\u00e1 evaluado. Durante el transcurso de las pr\u00f3ximas 48hs. recibir\u00e1<\/p>","protected":false},"author":2,"featured_media":0,"parent":0,"menu_order":0,"comment_status":"closed","ping_status":"closed","template":"","meta":{"footnotes":"","_links_to":"","_links_to_target":""},"class_list":["post-12663","page","type-page","status-publish","hentry"],"yoast_head":"<!-- This site is optimized with the Yoast SEO plugin v27.1.1 - https:\/\/yoast.com\/product\/yoast-seo-wordpress\/ -->\n<title>TY-Contacto - SCULPTOR<\/title>\n<meta name=\"description\" content=\"TY-Contacto -\" \/>\n<meta name=\"robots\" content=\"index, follow, max-snippet:-1, max-image-preview:large, max-video-preview:-1\" \/>\n<link rel=\"canonical\" href=\"https:\/\/sculptorclinic.com\/en\/contactus-thank-you\/\" \/>\n<meta property=\"og:locale\" content=\"en_US\" \/>\n<meta property=\"og:type\" content=\"article\" \/>\n<meta property=\"og:title\" content=\"TY-Contacto - SCULPTOR\" \/>\n<meta property=\"og:description\" content=\"TY-Contacto -\" \/>\n<meta property=\"og:url\" content=\"https:\/\/sculptorclinic.com\/en\/contactus-thank-you\/\" \/>\n<meta property=\"og:site_name\" content=\"SCULPTOR\" \/>\n<meta property=\"article:publisher\" content=\"https:\/\/www.facebook.com\/profile.php?id=100054454781434\" \/>\n<meta property=\"article:modified_time\" content=\"2025-12-09T14:50:33+00:00\" \/>\n<meta property=\"og:image\" content=\"https:\/\/sculptorclinic.com\/wp-content\/uploads\/2023\/01\/laura-ricardo.png\" \/>\n\t<meta property=\"og:image:width\" content=\"1000\" \/>\n\t<meta property=\"og:image:height\" content=\"1079\" \/>\n\t<meta property=\"og:image:type\" content=\"image\/png\" \/>\n<meta name=\"twitter:card\" content=\"summary_large_image\" \/>\n<meta name=\"twitter:label1\" content=\"Est. reading time\" \/>\n\t<meta name=\"twitter:data1\" content=\"1 minute\" \/>\n<script type=\"application\/ld+json\" class=\"yoast-schema-graph\">{\"@context\":\"https:\/\/schema.org\",\"@graph\":[{\"@type\":\"WebPage\",\"@id\":\"https:\/\/sculptorclinic.com\/contactus-thank-you\/\",\"url\":\"https:\/\/sculptorclinic.com\/contactus-thank-you\/\",\"name\":\"TY-Contacto - SCULPTOR\",\"isPartOf\":{\"@id\":\"https:\/\/sculptorclinic.com\/#website\"},\"primaryImageOfPage\":{\"@id\":\"https:\/\/sculptorclinic.com\/contactus-thank-you\/#primaryimage\"},\"image\":{\"@id\":\"https:\/\/sculptorclinic.com\/contactus-thank-you\/#primaryimage\"},\"thumbnailUrl\":\"https:\/\/sculptorclinic.com\/wp-content\/uploads\/2023\/01\/laura-ricardo.png\",\"datePublished\":\"2024-04-18T17:43:49+00:00\",\"dateModified\":\"2025-12-09T14:50:33+00:00\",\"description\":\"TY-Contacto -\",\"breadcrumb\":{\"@id\":\"https:\/\/sculptorclinic.com\/contactus-thank-you\/#breadcrumb\"},\"inLanguage\":\"en-US\",\"potentialAction\":[{\"@type\":\"ReadAction\",\"target\":[\"https:\/\/sculptorclinic.com\/contactus-thank-you\/\"]}]},{\"@type\":\"ImageObject\",\"inLanguage\":\"en-US\",\"@id\":\"https:\/\/sculptorclinic.com\/contactus-thank-you\/#primaryimage\",\"url\":\"https:\/\/sculptorclinic.com\/wp-content\/uploads\/2023\/01\/laura-ricardo.png\",\"contentUrl\":\"https:\/\/sculptorclinic.com\/wp-content\/uploads\/2023\/01\/laura-ricardo.png\"},{\"@type\":\"BreadcrumbList\",\"@id\":\"https:\/\/sculptorclinic.com\/contactus-thank-you\/#breadcrumb\",\"itemListElement\":[{\"@type\":\"ListItem\",\"position\":1,\"name\":\"Home\",\"item\":\"https:\/\/sculptorclinic.com\/\"},{\"@type\":\"ListItem\",\"position\":2,\"name\":\"TY-Contacto\"}]},{\"@type\":\"WebSite\",\"@id\":\"https:\/\/sculptorclinic.com\/#website\",\"url\":\"https:\/\/sculptorclinic.com\/\",\"name\":\"SCULPTOR CLINIC\",\"description\":\"State-of-the-Art Clinic\",\"publisher\":{\"@id\":\"https:\/\/sculptorclinic.com\/#organization\"},\"potentialAction\":[{\"@type\":\"SearchAction\",\"target\":{\"@type\":\"EntryPoint\",\"urlTemplate\":\"https:\/\/sculptorclinic.com\/?s={search_term_string}\"},\"query-input\":{\"@type\":\"PropertyValueSpecification\",\"valueRequired\":true,\"valueName\":\"search_term_string\"}}],\"inLanguage\":\"en-US\"},{\"@type\":\"Organization\",\"@id\":\"https:\/\/sculptorclinic.com\/#organization\",\"name\":\"SCULPTOR CLINIC\",\"url\":\"https:\/\/sculptorclinic.com\/\",\"logo\":{\"@type\":\"ImageObject\",\"inLanguage\":\"en-US\",\"@id\":\"https:\/\/sculptorclinic.com\/#\/schema\/logo\/image\/\",\"url\":\"https:\/\/sculptorclinic.com\/wp-content\/uploads\/2022\/03\/logo-sculptor-ngo-cs.svg\",\"contentUrl\":\"https:\/\/sculptorclinic.com\/wp-content\/uploads\/2022\/03\/logo-sculptor-ngo-cs.svg\",\"width\":300,\"height\":65,\"caption\":\"SCULPTOR CLINIC\"},\"image\":{\"@id\":\"https:\/\/sculptorclinic.com\/#\/schema\/logo\/image\/\"},\"sameAs\":[\"https:\/\/www.facebook.com\/profile.php?id=100054454781434\",\"https:\/\/www.instagram.com\/sculptoracademy\/\"]}]}<\/script>\n<!-- \/ Yoast SEO plugin. -->","yoast_head_json":{"title":"TY-Contacto - SCULPTOR","description":"TY-Contacto -","robots":{"index":"index","follow":"follow","max-snippet":"max-snippet:-1","max-image-preview":"max-image-preview:large","max-video-preview":"max-video-preview:-1"},"canonical":"https:\/\/sculptorclinic.com\/en\/contactus-thank-you\/","og_locale":"en_US","og_type":"article","og_title":"TY-Contacto - SCULPTOR","og_description":"TY-Contacto -","og_url":"https:\/\/sculptorclinic.com\/en\/contactus-thank-you\/","og_site_name":"SCULPTOR","article_publisher":"https:\/\/www.facebook.com\/profile.php?id=100054454781434","article_modified_time":"2025-12-09T14:50:33+00:00","og_image":[{"width":1000,"height":1079,"url":"https:\/\/sculptorclinic.com\/wp-content\/uploads\/2023\/01\/laura-ricardo.png","type":"image\/png"}],"twitter_card":"summary_large_image","twitter_misc":{"Est. reading time":"1 minute"},"schema":{"@context":"https:\/\/schema.org","@graph":[{"@type":"WebPage","@id":"https:\/\/sculptorclinic.com\/contactus-thank-you\/","url":"https:\/\/sculptorclinic.com\/contactus-thank-you\/","name":"TY-Contacto - SCULPTOR","isPartOf":{"@id":"https:\/\/sculptorclinic.com\/#website"},"primaryImageOfPage":{"@id":"https:\/\/sculptorclinic.com\/contactus-thank-you\/#primaryimage"},"image":{"@id":"https:\/\/sculptorclinic.com\/contactus-thank-you\/#primaryimage"},"thumbnailUrl":"https:\/\/sculptorclinic.com\/wp-content\/uploads\/2023\/01\/laura-ricardo.png","datePublished":"2024-04-18T17:43:49+00:00","dateModified":"2025-12-09T14:50:33+00:00","description":"TY-Contacto -","breadcrumb":{"@id":"https:\/\/sculptorclinic.com\/contactus-thank-you\/#breadcrumb"},"inLanguage":"en-US","potentialAction":[{"@type":"ReadAction","target":["https:\/\/sculptorclinic.com\/contactus-thank-you\/"]}]},{"@type":"ImageObject","inLanguage":"en-US","@id":"https:\/\/sculptorclinic.com\/contactus-thank-you\/#primaryimage","url":"https:\/\/sculptorclinic.com\/wp-content\/uploads\/2023\/01\/laura-ricardo.png","contentUrl":"https:\/\/sculptorclinic.com\/wp-content\/uploads\/2023\/01\/laura-ricardo.png"},{"@type":"BreadcrumbList","@id":"https:\/\/sculptorclinic.com\/contactus-thank-you\/#breadcrumb","itemListElement":[{"@type":"ListItem","position":1,"name":"Home","item":"https:\/\/sculptorclinic.com\/"},{"@type":"ListItem","position":2,"name":"TY-Contacto"}]},{"@type":"WebSite","@id":"https:\/\/sculptorclinic.com\/#website","url":"https:\/\/sculptorclinic.com\/","name":"SCULPTOR CLINIC","description":"State-of-the-Art Clinic","publisher":{"@id":"https:\/\/sculptorclinic.com\/#organization"},"potentialAction":[{"@type":"SearchAction","target":{"@type":"EntryPoint","urlTemplate":"https:\/\/sculptorclinic.com\/?s={search_term_string}"},"query-input":{"@type":"PropertyValueSpecification","valueRequired":true,"valueName":"search_term_string"}}],"inLanguage":"en-US"},{"@type":"Organization","@id":"https:\/\/sculptorclinic.com\/#organization","name":"SCULPTOR CLINIC","url":"https:\/\/sculptorclinic.com\/","logo":{"@type":"ImageObject","inLanguage":"en-US","@id":"https:\/\/sculptorclinic.com\/#\/schema\/logo\/image\/","url":"https:\/\/sculptorclinic.com\/wp-content\/uploads\/2022\/03\/logo-sculptor-ngo-cs.svg","contentUrl":"https:\/\/sculptorclinic.com\/wp-content\/uploads\/2022\/03\/logo-sculptor-ngo-cs.svg","width":300,"height":65,"caption":"SCULPTOR CLINIC"},"image":{"@id":"https:\/\/sculptorclinic.com\/#\/schema\/logo\/image\/"},"sameAs":["https:\/\/www.facebook.com\/profile.php?id=100054454781434","https:\/\/www.instagram.com\/sculptoracademy\/"]}]}},"_links":{"self":[{"href":"https:\/\/sculptorclinic.com\/en\/wp-json\/wp\/v2\/pages\/12663","targetHints":{"allow":["GET"]}}],"collection":[{"href":"https:\/\/sculptorclinic.com\/en\/wp-json\/wp\/v2\/pages"}],"about":[{"href":"https:\/\/sculptorclinic.com\/en\/wp-json\/wp\/v2\/types\/page"}],"author":[{"embeddable":true,"href":"https:\/\/sculptorclinic.com\/en\/wp-json\/wp\/v2\/users\/2"}],"replies":[{"embeddable":true,"href":"https:\/\/sculptorclinic.com\/en\/wp-json\/wp\/v2\/comments?post=12663"}],"version-history":[{"count":30,"href":"https:\/\/sculptorclinic.com\/en\/wp-json\/wp\/v2\/pages\/12663\/revisions"}],"predecessor-version":[{"id":14253,"href":"https:\/\/sculptorclinic.com\/en\/wp-json\/wp\/v2\/pages\/12663\/revisions\/14253"}],"wp:attachment":[{"href":"https:\/\/sculptorclinic.com\/en\/wp-json\/wp\/v2\/media?parent=12663"}],"curies":[{"name":"wp","href":"https:\/\/api.w.org\/{rel}","templated":true}]}}