{"id":13198,"date":"2024-07-29T21:16:47","date_gmt":"2024-07-29T21:16:47","guid":{"rendered":"https:\/\/sculptorclinic.com\/botox-2\/"},"modified":"2024-07-29T21:20:24","modified_gmt":"2024-07-29T21:20:24","slug":"contornoyaumento","status":"publish","type":"page","link":"https:\/\/sculptorclinic.com\/en\/contornoyaumento\/","title":{"rendered":"Dise\u00f1o de Contorno y Aumento Muscular"},"content":{"rendered":"<div data-elementor-type=\"wp-page\" data-elementor-id=\"13198\" class=\"elementor elementor-13198\" data-elementor-post-type=\"page\">\n\t\t\t\t\t\t<section class=\"wd-negative-gap elementor-section elementor-top-section elementor-element elementor-element-4957ca4f elementor-section-content-top elementor-section-boxed elementor-section-height-default elementor-section-height-default\" data-id=\"4957ca4f\" data-element_type=\"section\" data-e-type=\"section\">\n\t\t\t\t\t\t<div class=\"elementor-container elementor-column-gap-no\">\n\t\t\t\t\t<div class=\"elementor-column elementor-col-100 elementor-top-column elementor-element elementor-element-2c2dd8db\" data-id=\"2c2dd8db\" data-element_type=\"column\" data-e-type=\"column\">\n\t\t\t<div class=\"elementor-widget-wrap elementor-element-populated\">\n\t\t\t\t\t\t<div class=\"elementor-element elementor-element-3fed9414 elementor-widget elementor-widget-heading\" data-id=\"3fed9414\" data-element_type=\"widget\" data-e-type=\"widget\" data-widget_type=\"heading.default\">\n\t\t\t\t<div class=\"elementor-widget-container\">\n\t\t\t\t\t<h2 class=\"elementor-heading-title elementor-size-default\">Dise\u00f1o de Contorno y Aumento Muscular<\/h2>\t\t\t\t<\/div>\n\t\t\t\t<\/div>\n\t\t\t\t<div class=\"elementor-element elementor-element-1beac6d7 elementor-widget elementor-widget-heading\" data-id=\"1beac6d7\" data-element_type=\"widget\" data-e-type=\"widget\" data-widget_type=\"heading.default\">\n\t\t\t\t<div class=\"elementor-widget-container\">\n\t\t\t\t\t<p class=\"elementor-heading-title elementor-size-default\">Injerto de grasa guiado por ultrasonido en los m\u00fasculos de interes para el paciente y el Cirujano.<\/p>\t\t\t\t<\/div>\n\t\t\t\t<\/div>\n\t\t\t\t<div class=\"elementor-element elementor-element-73694b09 proc_div elementor-widget-divider--view-line elementor-widget elementor-widget-divider\" data-id=\"73694b09\" data-element_type=\"widget\" data-e-type=\"widget\" data-widget_type=\"divider.default\">\n\t\t\t\t<div class=\"elementor-widget-container\">\n\t\t\t\t\t\t\t<div class=\"elementor-divider\">\n\t\t\t<span class=\"elementor-divider-separator\">\n\t\t\t\t\t\t<\/span>\n\t\t<\/div>\n\t\t\t\t\t\t<\/div>\n\t\t\t\t<\/div>\n\t\t\t\t<div class=\"elementor-element elementor-element-7d3cc832 proc_desc color-scheme-inherit text-left elementor-widget elementor-widget-text-editor\" data-id=\"7d3cc832\" data-element_type=\"widget\" data-e-type=\"widget\" data-widget_type=\"text-editor.default\">\n\t\t\t\t<div class=\"elementor-widget-container\">\n\t\t\t\t\t\t\t\t\t<p><\/p>\t\t\t\t\t\t\t\t<\/div>\n\t\t\t\t<\/div>\n\t\t\t\t\t<\/div>\n\t\t<\/div>\n\t\t\t\t\t<\/div>\n\t\t<\/section>\n\t\t\t\t<section class=\"wd-negative-gap elementor-section elementor-top-section elementor-element elementor-element-60e3fa5b elementor-section-content-top elementor-section-boxed elementor-section-height-default elementor-section-height-default\" data-id=\"60e3fa5b\" data-element_type=\"section\" data-e-type=\"section\">\n\t\t\t\t\t\t<div class=\"elementor-container elementor-column-gap-no\">\n\t\t\t\t\t<div class=\"elementor-column elementor-col-50 elementor-top-column elementor-element elementor-element-3ba885f6\" data-id=\"3ba885f6\" data-element_type=\"column\" data-e-type=\"column\">\n\t\t\t<div class=\"elementor-widget-wrap elementor-element-populated\">\n\t\t\t\t\t\t<div class=\"elementor-element elementor-element-591e0f4a elementor-position-inline-start elementor-mobile-position-inline-start elementor-view-default elementor-widget elementor-widget-icon-box\" data-id=\"591e0f4a\" data-element_type=\"widget\" data-e-type=\"widget\" data-widget_type=\"icon-box.default\">\n\t\t\t\t<div class=\"elementor-widget-container\">\n\t\t\t\t\t\t\t<div class=\"elementor-icon-box-wrapper\">\n\n\t\t\t\t\t\t<div class=\"elementor-icon-box-icon\">\n\t\t\t\t<span  class=\"elementor-icon\">\n\t\t\t\t<svg xmlns=\"http:\/\/www.w3.org\/2000\/svg\" viewbox=\"0 0 512 512\"><path d=\"M300.9 32.58C299.8 33.64 298.6 34.73 297.5 35.84C284.1 33.32 270.2 32 256 32C132.3 32 32 132.3 32 256C32 379.7 132.3 480 256 480C379.7 480 480 379.7 480 256C480 241.8 478.7 227.9 476.2 214.5C477.3 213.4 478.4 212.2 479.4 211.1L502.2 185.7C508.6 208 512 231.6 512 256C512 397.4 397.4 512 256 512C114.6 512 0 397.4 0 256C0 114.6 114.6 0 256 0C280.4 0 303.1 3.406 326.3 9.768L300.9 32.58zM275.5 105.2L279.7 130.2C272 128.8 264.1 127.1 255.1 127.1C185.3 127.1 127.1 185.3 127.1 255.1C127.1 326.7 185.3 384 255.1 384C326.7 384 384 326.7 384 255.1C384 247.9 383.2 239.1 381.8 232.3L406.8 236.5C409.5 236.9 412.2 237.2 414.9 237.4C415.6 243.5 416 249.7 416 255.1C416 344.4 344.4 416 256 416C167.6 416 96 344.4 96 255.1C96 167.6 167.6 95.1 256 95.1C262.3 95.1 268.5 96.36 274.6 97.07C274.8 99.78 275.1 102.5 275.5 105.2H275.5zM341.5 193.1L267.3 267.3C261.1 273.6 250.9 273.6 244.7 267.3C238.4 261.1 238.4 250.9 244.7 244.7L318.9 170.5L307.1 100.1C304.4 83.79 310.2 67.26 322.6 56.3L371.1 12.37C385.1 .7184 405.9 6.611 410.9 23.42L428.8 83.15L488.6 101.1C505.4 106.1 511.3 126.9 499.6 140L455.7 189.4C444.7 201.8 428.2 207.6 411.9 204.9L341.5 193.1zM369.3 165.3L417.2 173.3C422.6 174.2 428.1 172.3 431.8 168.2L467.4 128.1L420.6 114.1L369.3 165.3zM397.9 91.44L383.9 44.62L343.8 80.22C339.7 83.87 337.8 89.38 338.7 94.8L346.7 142.7L397.9 91.44z\"><\/path><\/svg>\t\t\t\t<\/span>\n\t\t\t<\/div>\n\t\t\t\n\t\t\t\t\t\t<div class=\"elementor-icon-box-content\">\n\n\t\t\t\t\t\t\t\t\t<h3 class=\"elementor-icon-box-title\">\n\t\t\t\t\t\t<span  >\n\t\t\t\t\t\t\tAim\t\t\t\t\t\t<\/span>\n\t\t\t\t\t<\/h3>\n\t\t\t\t\n\t\t\t\t\t\t\t\t\t<p class=\"elementor-icon-box-description\">\n\t\t\t\t\t\tVolumizar musculos que puedan aportar a la est\u00e9tica del paciente.\n\t\t\t\t\t<\/p>\n\t\t\t\t\n\t\t\t<\/div>\n\t\t\t\n\t\t<\/div>\n\t\t\t\t\t\t<\/div>\n\t\t\t\t<\/div>\n\t\t\t\t<div class=\"elementor-element elementor-element-678614c0 elementor-position-inline-start elementor-mobile-position-inline-start elementor-view-default elementor-widget elementor-widget-icon-box\" data-id=\"678614c0\" data-element_type=\"widget\" data-e-type=\"widget\" data-widget_type=\"icon-box.default\">\n\t\t\t\t<div class=\"elementor-widget-container\">\n\t\t\t\t\t\t\t<div class=\"elementor-icon-box-wrapper\">\n\n\t\t\t\t\t\t<div class=\"elementor-icon-box-icon\">\n\t\t\t\t<span  class=\"elementor-icon\">\n\t\t\t\t<svg xmlns=\"http:\/\/www.w3.org\/2000\/svg\" viewbox=\"0 0 448 512\"><path d=\"M224 256c70.7 0 128-57.31 128-128s-57.3-128-128-128C153.3 0 96 57.31 96 128S153.3 256 224 256zM224 32c52.94 0 96 43.06 96 96c0 52.93-43.06 96-96 96S128 180.9 128 128C128 75.06 171.1 32 224 32zM274.7 304H173.3C77.61 304 0 381.6 0 477.3c0 19.14 15.52 34.67 34.66 34.67h378.7C432.5 512 448 496.5 448 477.3C448 381.6 370.4 304 274.7 304zM413.3 480H34.66C33.2 480 32 478.8 32 477.3C32 399.4 95.4 336 173.3 336h101.3C352.6 336 416 399.4 416 477.3C416 478.8 414.8 480 413.3 480z\"><\/path><\/svg>\t\t\t\t<\/span>\n\t\t\t<\/div>\n\t\t\t\n\t\t\t\t\t\t<div class=\"elementor-icon-box-content\">\n\n\t\t\t\t\t\t\t\t\t<h3 class=\"elementor-icon-box-title\">\n\t\t\t\t\t\t<span  >\n\t\t\t\t\t\t\tIdeal for\t\t\t\t\t\t<\/span>\n\t\t\t\t\t<\/h3>\n\t\t\t\t\n\t\t\t\t\t\t\t\t\t<p class=\"elementor-icon-box-description\">\n\t\t\t\t\t\tPacientes que entrenan.\n\t\t\t\t\t<\/p>\n\t\t\t\t\n\t\t\t<\/div>\n\t\t\t\n\t\t<\/div>\n\t\t\t\t\t\t<\/div>\n\t\t\t\t<\/div>\n\t\t\t\t<div class=\"elementor-element elementor-element-5e5c18fc elementor-position-inline-start elementor-mobile-position-inline-start elementor-view-default elementor-widget elementor-widget-icon-box\" data-id=\"5e5c18fc\" data-element_type=\"widget\" data-e-type=\"widget\" data-widget_type=\"icon-box.default\">\n\t\t\t\t<div class=\"elementor-widget-container\">\n\t\t\t\t\t\t\t<div class=\"elementor-icon-box-wrapper\">\n\n\t\t\t\t\t\t<div class=\"elementor-icon-box-icon\">\n\t\t\t\t<span  class=\"elementor-icon\">\n\t\t\t\t<svg xmlns=\"http:\/\/www.w3.org\/2000\/svg\" viewbox=\"0 0 512 512\"><path d=\"M256 368C299.4 368 329.1 346.2 347.9 325.5C353.7 318.8 363.8 318.1 370.5 323.9C377.2 329.7 377.9 339.8 372.1 346.5C349.8 372.1 311.1 400 256 400C200.9 400 162.2 372.1 139.9 346.5C134.1 339.8 134.8 329.7 141.5 323.9C148.2 318.1 158.3 318.8 164.1 325.5C182 346.2 212.6 368 256 368H256zM200.4 208C200.4 221.3 189.6 232 176.4 232C163.1 232 152.4 221.3 152.4 208C152.4 194.7 163.1 184 176.4 184C189.6 184 200.4 194.7 200.4 208zM278.4 236.8C271.3 231.5 269.9 221.5 275.2 214.4C305.6 173.9 366.4 173.9 396.8 214.4C402.1 221.5 400.7 231.5 393.6 236.8C386.5 242.1 376.5 240.7 371.2 233.6C353.6 210.1 318.4 210.1 300.8 233.6C295.5 240.7 285.5 242.1 278.4 236.8zM512 256C512 397.4 397.4 512 256 512C114.6 512 0 397.4 0 256C0 114.6 114.6 0 256 0C397.4 0 512 114.6 512 256zM256 32C132.3 32 32 132.3 32 256C32 379.7 132.3 480 256 480C379.7 480 480 379.7 480 256C480 132.3 379.7 32 256 32z\"><\/path><\/svg>\t\t\t\t<\/span>\n\t\t\t<\/div>\n\t\t\t\n\t\t\t\t\t\t<div class=\"elementor-icon-box-content\">\n\n\t\t\t\t\t\t\t\t\t<h3 class=\"elementor-icon-box-title\">\n\t\t\t\t\t\t<span  >\n\t\t\t\t\t\t\tResults\t\t\t\t\t\t<\/span>\n\t\t\t\t\t<\/h3>\n\t\t\t\t\n\t\t\t\t\t\t\t\t\t<p class=\"elementor-icon-box-description\">\n\t\t\t\t\t\tFinales se visualizan luego de 3 a seis meses.\n\t\t\t\t\t<\/p>\n\t\t\t\t\n\t\t\t<\/div>\n\t\t\t\n\t\t<\/div>\n\t\t\t\t\t\t<\/div>\n\t\t\t\t<\/div>\n\t\t\t\t<div class=\"elementor-element elementor-element-3f2327ab elementor-position-inline-start elementor-mobile-position-inline-start elementor-view-default elementor-widget elementor-widget-icon-box\" data-id=\"3f2327ab\" data-element_type=\"widget\" data-e-type=\"widget\" data-widget_type=\"icon-box.default\">\n\t\t\t\t<div class=\"elementor-widget-container\">\n\t\t\t\t\t\t\t<div class=\"elementor-icon-box-wrapper\">\n\n\t\t\t\t\t\t<div class=\"elementor-icon-box-icon\">\n\t\t\t\t<span  class=\"elementor-icon\">\n\t\t\t\t<svg xmlns=\"http:\/\/www.w3.org\/2000\/svg\" viewbox=\"0 0 576 512\"><path d=\"M112 0C120.8 0 128 7.164 128 16V64H320V16C320 7.164 327.2 0 336 0C344.8 0 352 7.164 352 16V64H384C419.3 64 448 92.65 448 128V192.7C442.7 192.2 437.4 192 432 192C426.6 192 421.3 192.2 416 192.7V192H32V448C32 465.7 46.33 480 64 480H296.2C306.3 492.1 317.9 502.9 330.8 512H64C28.65 512 0 483.3 0 448V128C0 92.65 28.65 64 64 64H96V16C96 7.164 103.2 0 112 0zM384 96H64C46.33 96 32 110.3 32 128V160H416V128C416 110.3 401.7 96 384 96zM431.1 288C440.8 288 447.1 295.2 447.1 304V352H480C488.8 352 496 359.2 496 368C496 376.8 488.8 384 480 384H431.1C423.2 384 415.1 376.8 415.1 368V304C415.1 295.2 423.2 288 431.1 288V288zM288 368C288 288.5 352.5 224 432 224C511.5 224 576 288.5 576 368C576 447.5 511.5 512 432 512C352.5 512 288 447.5 288 368zM432 480C493.9 480 544 429.9 544 368C544 306.1 493.9 256 432 256C370.1 256 320 306.1 320 368C320 429.9 370.1 480 432 480z\"><\/path><\/svg>\t\t\t\t<\/span>\n\t\t\t<\/div>\n\t\t\t\n\t\t\t\t\t\t<div class=\"elementor-icon-box-content\">\n\n\t\t\t\t\t\t\t\t\t<h3 class=\"elementor-icon-box-title\">\n\t\t\t\t\t\t<span  >\n\t\t\t\t\t\t\tFrequency\t\t\t\t\t\t<\/span>\n\t\t\t\t\t<\/h3>\n\t\t\t\t\n\t\t\t\t\t\t\t\t\t<p class=\"elementor-icon-box-description\">\n\t\t\t\t\t\tUnica. Aunque puede repetirse de ser necesario.\n\t\t\t\t\t<\/p>\n\t\t\t\t\n\t\t\t<\/div>\n\t\t\t\n\t\t<\/div>\n\t\t\t\t\t\t<\/div>\n\t\t\t\t<\/div>\n\t\t\t\t\t<\/div>\n\t\t<\/div>\n\t\t\t\t<div class=\"elementor-column elementor-col-50 elementor-top-column elementor-element elementor-element-4fb1c94\" data-id=\"4fb1c94\" data-element_type=\"column\" data-e-type=\"column\">\n\t\t\t<div class=\"elementor-widget-wrap elementor-element-populated\">\n\t\t\t\t\t\t<div class=\"elementor-element elementor-element-7e3439e1 elementor-position-inline-start elementor-mobile-position-inline-start elementor-view-default elementor-widget elementor-widget-icon-box\" data-id=\"7e3439e1\" data-element_type=\"widget\" data-e-type=\"widget\" data-widget_type=\"icon-box.default\">\n\t\t\t\t<div class=\"elementor-widget-container\">\n\t\t\t\t\t\t\t<div class=\"elementor-icon-box-wrapper\">\n\n\t\t\t\t\t\t<div class=\"elementor-icon-box-icon\">\n\t\t\t\t<span  class=\"elementor-icon\">\n\t\t\t\t<svg xmlns=\"http:\/\/www.w3.org\/2000\/svg\" viewbox=\"0 0 512 512\"><path d=\"M480 256c0 123.5-100.4 223.9-223.9 223.9c-69.41 0-133.9-31.3-176.7-86.05c-5.438-6.938-4.203-17 2.75-22.44c6.984-5.531 17.03-4.25 22.47 2.75C141.3 421.1 196.5 448 256 448c105.9 0 192-86.13 192-192s-86.13-192-192-192C187.1 64 124.5 100.7 90.15 160H176C184.8 160 192 167.2 192 176S184.8 192 176 192h-128C39.16 192 32 184.8 32 176v-128C32 39.16 39.16 32 48 32S64 39.16 64 48v93.56C104.4 73.87 176.6 32.11 256.1 32.11C379.6 32.11 480 132.5 480 256z\"><\/path><\/svg>\t\t\t\t<\/span>\n\t\t\t<\/div>\n\t\t\t\n\t\t\t\t\t\t<div class=\"elementor-icon-box-content\">\n\n\t\t\t\t\t\t\t\t\t<h3 class=\"elementor-icon-box-title\">\n\t\t\t\t\t\t<span  >\n\t\t\t\t\t\t\tPrecare\t\t\t\t\t\t<\/span>\n\t\t\t\t\t<\/h3>\n\t\t\t\t\n\t\t\t\t\t\t\t\t\t<p class=\"elementor-icon-box-description\">\n\t\t\t\t\t\tEl cuidado de la Lipo Hi Tech que debe ser realizada.\n\t\t\t\t\t<\/p>\n\t\t\t\t\n\t\t\t<\/div>\n\t\t\t\n\t\t<\/div>\n\t\t\t\t\t\t<\/div>\n\t\t\t\t<\/div>\n\t\t\t\t<div class=\"elementor-element elementor-element-84de08c elementor-position-inline-start elementor-mobile-position-inline-start elementor-view-default elementor-widget elementor-widget-icon-box\" data-id=\"84de08c\" data-element_type=\"widget\" data-e-type=\"widget\" data-widget_type=\"icon-box.default\">\n\t\t\t\t<div class=\"elementor-widget-container\">\n\t\t\t\t\t\t\t<div class=\"elementor-icon-box-wrapper\">\n\n\t\t\t\t\t\t<div class=\"elementor-icon-box-icon\">\n\t\t\t\t<span  class=\"elementor-icon\">\n\t\t\t\t<svg xmlns=\"http:\/\/www.w3.org\/2000\/svg\" viewbox=\"0 0 512 512\"><path d=\"M255.9 32.11c79.47 0 151.8 41.76 192.1 109.4V48C448 39.16 455.2 32 464 32S480 39.16 480 48v128C480 184.8 472.8 192 464 192h-128C327.2 192 320 184.8 320 176S327.2 160 336 160h85.85C387.5 100.7 324.9 64 256 64C150.1 64 64 150.1 64 256s86.13 192 192 192c59.48 0 114.7-26.91 151.3-73.84c5.438-7 15.48-8.281 22.47-2.75c6.953 5.438 8.187 15.5 2.75 22.44c-42.8 54.75-107.3 86.05-176.7 86.05C132.4 479.9 32 379.5 32 256S132.4 32.11 255.9 32.11z\"><\/path><\/svg>\t\t\t\t<\/span>\n\t\t\t<\/div>\n\t\t\t\n\t\t\t\t\t\t<div class=\"elementor-icon-box-content\">\n\n\t\t\t\t\t\t\t\t\t<h3 class=\"elementor-icon-box-title\">\n\t\t\t\t\t\t<span  >\n\t\t\t\t\t\t\tAftercare\t\t\t\t\t\t<\/span>\n\t\t\t\t\t<\/h3>\n\t\t\t\t\n\t\t\t\t\t\t\t\t\t<p class=\"elementor-icon-box-description\">\n\t\t\t\t\t\tNo realizar ning\u00fan esfuerzo f\u00edsico ni ejercicio hasta un mes despu\u00e9s de la intervenci\u00f3n. \n\t\t\t\t\t<\/p>\n\t\t\t\t\n\t\t\t<\/div>\n\t\t\t\n\t\t<\/div>\n\t\t\t\t\t\t<\/div>\n\t\t\t\t<\/div>\n\t\t\t\t\t<\/div>\n\t\t<\/div>\n\t\t\t\t\t<\/div>\n\t\t<\/section>\n\t\t\t\t<section class=\"wd-negative-gap elementor-section elementor-top-section elementor-element elementor-element-111a8596 elementor-section-content-top elementor-section-boxed elementor-section-height-default elementor-section-height-default\" data-id=\"111a8596\" data-element_type=\"section\" data-e-type=\"section\" id=\"popup_links\">\n\t\t\t\t\t\t<div class=\"elementor-container elementor-column-gap-no\">\n\t\t\t\t\t<div class=\"elementor-column elementor-col-100 elementor-top-column elementor-element elementor-element-1aef1a9b\" data-id=\"1aef1a9b\" data-element_type=\"column\" data-e-type=\"column\">\n\t\t\t<div class=\"elementor-widget-wrap elementor-element-populated\">\n\t\t\t\t\t\t<div class=\"elementor-element elementor-element-604baee4 elementor-align-center elementor-mobile-align-center elementor-widget-mobile__width-inherit elementor-widget__width-auto elementor-widget elementor-widget-button\" data-id=\"604baee4\" data-element_type=\"widget\" data-e-type=\"widget\" data-widget_type=\"button.default\">\n\t\t\t\t<div class=\"elementor-widget-container\">\n\t\t\t\t\t\t\t\t\t<div class=\"elementor-button-wrapper\">\n\t\t\t\t\t<a class=\"elementor-button elementor-button-link elementor-size-xs\" href=\"https:\/\/sculptor.odoo.com\/es_DO\/cirugia-plastica\">\n\t\t\t\t\t\t<span class=\"elementor-button-content-wrapper\">\n\t\t\t\t\t\t\t\t\t<span class=\"elementor-button-text\">Send your Pre-evaluation<\/span>\n\t\t\t\t\t<\/span>\n\t\t\t\t\t<\/a>\n\t\t\t\t<\/div>\n\t\t\t\t\t\t\t\t<\/div>\n\t\t\t\t<\/div>\n\t\t\t\t\t<\/div>\n\t\t<\/div>\n\t\t\t\t\t<\/div>\n\t\t<\/section>\n\t\t\t\t<\/div>","protected":false},"excerpt":{"rendered":"<p>Dise\u00f1o de Contorno y Aumento Muscular Injerto de grasa guiado por ultrasonido en los m\u00fasculos de interes para el paciente<\/p>","protected":false},"author":2,"featured_media":0,"parent":0,"menu_order":0,"comment_status":"closed","ping_status":"closed","template":"","meta":{"footnotes":"","_links_to":"","_links_to_target":""},"class_list":["post-13198","page","type-page","status-publish","hentry"],"yoast_head":"<!-- This site is optimized with the Yoast SEO plugin v27.1.1 - https:\/\/yoast.com\/product\/yoast-seo-wordpress\/ -->\n<title>Dise\u00f1o de Contorno y Aumento Muscular - SCULPTOR<\/title>\n<meta name=\"description\" content=\"Dise\u00f1o de Contorno y Aumento Muscular -\" \/>\n<meta name=\"robots\" content=\"index, follow, max-snippet:-1, max-image-preview:large, max-video-preview:-1\" \/>\n<link rel=\"canonical\" href=\"https:\/\/sculptorclinic.com\/en\/contornoyaumento\/\" \/>\n<meta property=\"og:locale\" content=\"en_US\" \/>\n<meta property=\"og:type\" content=\"article\" \/>\n<meta property=\"og:title\" content=\"Dise\u00f1o de Contorno y Aumento Muscular - SCULPTOR\" \/>\n<meta property=\"og:description\" content=\"Dise\u00f1o de Contorno y Aumento Muscular -\" \/>\n<meta property=\"og:url\" content=\"https:\/\/sculptorclinic.com\/en\/contornoyaumento\/\" \/>\n<meta property=\"og:site_name\" content=\"SCULPTOR\" \/>\n<meta property=\"article:publisher\" content=\"https:\/\/www.facebook.com\/profile.php?id=100054454781434\" \/>\n<meta property=\"article:modified_time\" content=\"2024-07-29T21:20:24+00:00\" \/>\n<meta property=\"og:image\" content=\"https:\/\/sculptorclinic.com\/wp-content\/uploads\/2023\/04\/sculptor.jpg\" \/>\n\t<meta property=\"og:image:width\" content=\"600\" \/>\n\t<meta property=\"og:image:height\" content=\"600\" \/>\n\t<meta property=\"og:image:type\" content=\"image\/jpeg\" \/>\n<meta name=\"twitter:card\" content=\"summary_large_image\" \/>\n<meta name=\"twitter:label1\" content=\"Est. reading time\" \/>\n\t<meta name=\"twitter:data1\" content=\"1 minute\" \/>\n<script type=\"application\/ld+json\" class=\"yoast-schema-graph\">{\"@context\":\"https:\/\/schema.org\",\"@graph\":[{\"@type\":\"WebPage\",\"@id\":\"https:\/\/sculptorclinic.com\/contornoyaumento\/\",\"url\":\"https:\/\/sculptorclinic.com\/contornoyaumento\/\",\"name\":\"Dise\u00f1o de Contorno y Aumento Muscular - SCULPTOR\",\"isPartOf\":{\"@id\":\"https:\/\/sculptorclinic.com\/#website\"},\"datePublished\":\"2024-07-29T21:16:47+00:00\",\"dateModified\":\"2024-07-29T21:20:24+00:00\",\"description\":\"Dise\u00f1o de Contorno y Aumento Muscular -\",\"breadcrumb\":{\"@id\":\"https:\/\/sculptorclinic.com\/contornoyaumento\/#breadcrumb\"},\"inLanguage\":\"en-US\",\"potentialAction\":[{\"@type\":\"ReadAction\",\"target\":[\"https:\/\/sculptorclinic.com\/contornoyaumento\/\"]}]},{\"@type\":\"BreadcrumbList\",\"@id\":\"https:\/\/sculptorclinic.com\/contornoyaumento\/#breadcrumb\",\"itemListElement\":[{\"@type\":\"ListItem\",\"position\":1,\"name\":\"Home\",\"item\":\"https:\/\/sculptorclinic.com\/\"},{\"@type\":\"ListItem\",\"position\":2,\"name\":\"Dise\u00f1o de Contorno y Aumento Muscular\"}]},{\"@type\":\"WebSite\",\"@id\":\"https:\/\/sculptorclinic.com\/#website\",\"url\":\"https:\/\/sculptorclinic.com\/\",\"name\":\"SCULPTOR CLINIC\",\"description\":\"State-of-the-Art Clinic\",\"publisher\":{\"@id\":\"https:\/\/sculptorclinic.com\/#organization\"},\"potentialAction\":[{\"@type\":\"SearchAction\",\"target\":{\"@type\":\"EntryPoint\",\"urlTemplate\":\"https:\/\/sculptorclinic.com\/?s={search_term_string}\"},\"query-input\":{\"@type\":\"PropertyValueSpecification\",\"valueRequired\":true,\"valueName\":\"search_term_string\"}}],\"inLanguage\":\"en-US\"},{\"@type\":\"Organization\",\"@id\":\"https:\/\/sculptorclinic.com\/#organization\",\"name\":\"SCULPTOR CLINIC\",\"url\":\"https:\/\/sculptorclinic.com\/\",\"logo\":{\"@type\":\"ImageObject\",\"inLanguage\":\"en-US\",\"@id\":\"https:\/\/sculptorclinic.com\/#\/schema\/logo\/image\/\",\"url\":\"https:\/\/sculptorclinic.com\/wp-content\/uploads\/2022\/03\/logo-sculptor-ngo-cs.svg\",\"contentUrl\":\"https:\/\/sculptorclinic.com\/wp-content\/uploads\/2022\/03\/logo-sculptor-ngo-cs.svg\",\"width\":300,\"height\":65,\"caption\":\"SCULPTOR CLINIC\"},\"image\":{\"@id\":\"https:\/\/sculptorclinic.com\/#\/schema\/logo\/image\/\"},\"sameAs\":[\"https:\/\/www.facebook.com\/profile.php?id=100054454781434\",\"https:\/\/www.instagram.com\/sculptoracademy\/\"]}]}<\/script>\n<!-- \/ Yoast SEO plugin. -->","yoast_head_json":{"title":"Dise\u00f1o de Contorno y Aumento Muscular - SCULPTOR","description":"Dise\u00f1o de Contorno y Aumento Muscular -","robots":{"index":"index","follow":"follow","max-snippet":"max-snippet:-1","max-image-preview":"max-image-preview:large","max-video-preview":"max-video-preview:-1"},"canonical":"https:\/\/sculptorclinic.com\/en\/contornoyaumento\/","og_locale":"en_US","og_type":"article","og_title":"Dise\u00f1o de Contorno y Aumento Muscular - SCULPTOR","og_description":"Dise\u00f1o de Contorno y Aumento Muscular -","og_url":"https:\/\/sculptorclinic.com\/en\/contornoyaumento\/","og_site_name":"SCULPTOR","article_publisher":"https:\/\/www.facebook.com\/profile.php?id=100054454781434","article_modified_time":"2024-07-29T21:20:24+00:00","og_image":[{"width":600,"height":600,"url":"https:\/\/sculptorclinic.com\/wp-content\/uploads\/2023\/04\/sculptor.jpg","type":"image\/jpeg"}],"twitter_card":"summary_large_image","twitter_misc":{"Est. reading time":"1 minute"},"schema":{"@context":"https:\/\/schema.org","@graph":[{"@type":"WebPage","@id":"https:\/\/sculptorclinic.com\/contornoyaumento\/","url":"https:\/\/sculptorclinic.com\/contornoyaumento\/","name":"Dise\u00f1o de Contorno y Aumento Muscular - SCULPTOR","isPartOf":{"@id":"https:\/\/sculptorclinic.com\/#website"},"datePublished":"2024-07-29T21:16:47+00:00","dateModified":"2024-07-29T21:20:24+00:00","description":"Dise\u00f1o de Contorno y Aumento Muscular -","breadcrumb":{"@id":"https:\/\/sculptorclinic.com\/contornoyaumento\/#breadcrumb"},"inLanguage":"en-US","potentialAction":[{"@type":"ReadAction","target":["https:\/\/sculptorclinic.com\/contornoyaumento\/"]}]},{"@type":"BreadcrumbList","@id":"https:\/\/sculptorclinic.com\/contornoyaumento\/#breadcrumb","itemListElement":[{"@type":"ListItem","position":1,"name":"Home","item":"https:\/\/sculptorclinic.com\/"},{"@type":"ListItem","position":2,"name":"Dise\u00f1o de Contorno y Aumento Muscular"}]},{"@type":"WebSite","@id":"https:\/\/sculptorclinic.com\/#website","url":"https:\/\/sculptorclinic.com\/","name":"SCULPTOR CLINIC","description":"State-of-the-Art Clinic","publisher":{"@id":"https:\/\/sculptorclinic.com\/#organization"},"potentialAction":[{"@type":"SearchAction","target":{"@type":"EntryPoint","urlTemplate":"https:\/\/sculptorclinic.com\/?s={search_term_string}"},"query-input":{"@type":"PropertyValueSpecification","valueRequired":true,"valueName":"search_term_string"}}],"inLanguage":"en-US"},{"@type":"Organization","@id":"https:\/\/sculptorclinic.com\/#organization","name":"SCULPTOR CLINIC","url":"https:\/\/sculptorclinic.com\/","logo":{"@type":"ImageObject","inLanguage":"en-US","@id":"https:\/\/sculptorclinic.com\/#\/schema\/logo\/image\/","url":"https:\/\/sculptorclinic.com\/wp-content\/uploads\/2022\/03\/logo-sculptor-ngo-cs.svg","contentUrl":"https:\/\/sculptorclinic.com\/wp-content\/uploads\/2022\/03\/logo-sculptor-ngo-cs.svg","width":300,"height":65,"caption":"SCULPTOR CLINIC"},"image":{"@id":"https:\/\/sculptorclinic.com\/#\/schema\/logo\/image\/"},"sameAs":["https:\/\/www.facebook.com\/profile.php?id=100054454781434","https:\/\/www.instagram.com\/sculptoracademy\/"]}]}},"_links":{"self":[{"href":"https:\/\/sculptorclinic.com\/en\/wp-json\/wp\/v2\/pages\/13198","targetHints":{"allow":["GET"]}}],"collection":[{"href":"https:\/\/sculptorclinic.com\/en\/wp-json\/wp\/v2\/pages"}],"about":[{"href":"https:\/\/sculptorclinic.com\/en\/wp-json\/wp\/v2\/types\/page"}],"author":[{"embeddable":true,"href":"https:\/\/sculptorclinic.com\/en\/wp-json\/wp\/v2\/users\/2"}],"replies":[{"embeddable":true,"href":"https:\/\/sculptorclinic.com\/en\/wp-json\/wp\/v2\/comments?post=13198"}],"version-history":[{"count":7,"href":"https:\/\/sculptorclinic.com\/en\/wp-json\/wp\/v2\/pages\/13198\/revisions"}],"predecessor-version":[{"id":13209,"href":"https:\/\/sculptorclinic.com\/en\/wp-json\/wp\/v2\/pages\/13198\/revisions\/13209"}],"wp:attachment":[{"href":"https:\/\/sculptorclinic.com\/en\/wp-json\/wp\/v2\/media?parent=13198"}],"curies":[{"name":"wp","href":"https:\/\/api.w.org\/{rel}","templated":true}]}}