{"id":9491,"date":"2023-01-24T17:53:38","date_gmt":"2023-01-24T17:53:38","guid":{"rendered":"http:\/\/sculptorclinic.do\/?page_id=9491"},"modified":"2023-01-24T17:59:09","modified_gmt":"2023-01-24T17:59:09","slug":"botox","status":"publish","type":"page","link":"https:\/\/sculptorclinic.com\/en\/botox\/","title":{"rendered":"Botox"},"content":{"rendered":"\t\t<div data-elementor-type=\"wp-page\" data-elementor-id=\"9491\" class=\"elementor elementor-9491\" data-elementor-post-type=\"page\">\n\t\t\t\t\t\t<section class=\"wd-negative-gap elementor-section elementor-top-section elementor-element elementor-element-41debb9 elementor-section-content-top elementor-section-boxed elementor-section-height-default elementor-section-height-default\" data-id=\"41debb9\" data-element_type=\"section\" data-e-type=\"section\">\n\t\t\t\t\t\t<div class=\"elementor-container elementor-column-gap-no\">\n\t\t\t\t\t<div class=\"elementor-column elementor-col-100 elementor-top-column elementor-element elementor-element-65159002\" data-id=\"65159002\" data-element_type=\"column\" data-e-type=\"column\">\n\t\t\t<div class=\"elementor-widget-wrap elementor-element-populated\">\n\t\t\t\t\t\t<div class=\"elementor-element elementor-element-2208c961 elementor-widget elementor-widget-heading\" data-id=\"2208c961\" data-element_type=\"widget\" data-e-type=\"widget\" data-widget_type=\"heading.default\">\n\t\t\t\t<div class=\"elementor-widget-container\">\n\t\t\t\t\t<h2 class=\"elementor-heading-title elementor-size-default\">B\u00f3tox\n<\/h2>\t\t\t\t<\/div>\n\t\t\t\t<\/div>\n\t\t\t\t<div class=\"elementor-element elementor-element-7344497c elementor-widget elementor-widget-heading\" data-id=\"7344497c\" data-element_type=\"widget\" data-e-type=\"widget\" data-widget_type=\"heading.default\">\n\t\t\t\t<div class=\"elementor-widget-container\">\n\t\t\t\t\t<p class=\"elementor-heading-title elementor-size-default\">Desvanecedor de l\u00edneas de expresi\u00f3n y arrugas\n<\/p>\t\t\t\t<\/div>\n\t\t\t\t<\/div>\n\t\t\t\t<div class=\"elementor-element elementor-element-3f0d58a4 proc_div elementor-widget-divider--view-line elementor-widget elementor-widget-divider\" data-id=\"3f0d58a4\" data-element_type=\"widget\" data-e-type=\"widget\" data-widget_type=\"divider.default\">\n\t\t\t\t<div class=\"elementor-widget-container\">\n\t\t\t\t\t\t\t<div class=\"elementor-divider\">\n\t\t\t<span class=\"elementor-divider-separator\">\n\t\t\t\t\t\t<\/span>\n\t\t<\/div>\n\t\t\t\t\t\t<\/div>\n\t\t\t\t<\/div>\n\t\t\t\t<div class=\"elementor-element elementor-element-4a00c97d proc_desc color-scheme-inherit text-left elementor-widget elementor-widget-text-editor\" data-id=\"4a00c97d\" data-element_type=\"widget\" data-e-type=\"widget\" data-widget_type=\"text-editor.default\">\n\t\t\t\t<div class=\"elementor-widget-container\">\n\t\t\t\t\t\t\t\t\t<p>El B\u00f3tox se realiza por medio de inyecciones en ciertos m\u00fasculos faciales generando excelentes resultados al desvanecer l\u00edneas de expresi\u00f3n y arrugas de la cara. Se aplica para obtener una apariencia rejuvenecida y para prevenir la formaci\u00f3n de este estilo de imperfecciones.<\/p><p><strong>Zonas de aplicaci\u00f3n<\/strong>:<br \/>Parte superior de las cejas, Entrecejo, Frente.<\/p>\t\t\t\t\t\t\t\t<\/div>\n\t\t\t\t<\/div>\n\t\t\t\t\t<\/div>\n\t\t<\/div>\n\t\t\t\t\t<\/div>\n\t\t<\/section>\n\t\t\t\t<section class=\"wd-negative-gap elementor-section elementor-top-section elementor-element elementor-element-3b7bd96 elementor-section-content-top elementor-section-boxed elementor-section-height-default elementor-section-height-default\" data-id=\"3b7bd96\" data-element_type=\"section\" data-e-type=\"section\">\n\t\t\t\t\t\t<div class=\"elementor-container elementor-column-gap-no\">\n\t\t\t\t\t<div class=\"elementor-column elementor-col-50 elementor-top-column elementor-element elementor-element-1eb60373\" data-id=\"1eb60373\" data-element_type=\"column\" data-e-type=\"column\">\n\t\t\t<div class=\"elementor-widget-wrap elementor-element-populated\">\n\t\t\t\t\t\t<div class=\"elementor-element elementor-element-4b391898 elementor-position-inline-start elementor-mobile-position-inline-start elementor-view-default elementor-widget elementor-widget-icon-box\" data-id=\"4b391898\" data-element_type=\"widget\" data-e-type=\"widget\" data-widget_type=\"icon-box.default\">\n\t\t\t\t<div class=\"elementor-widget-container\">\n\t\t\t\t\t\t\t<div class=\"elementor-icon-box-wrapper\">\n\n\t\t\t\t\t\t<div class=\"elementor-icon-box-icon\">\n\t\t\t\t<span  class=\"elementor-icon\">\n\t\t\t\t<svg xmlns=\"http:\/\/www.w3.org\/2000\/svg\" viewBox=\"0 0 512 512\"><path d=\"M300.9 32.58C299.8 33.64 298.6 34.73 297.5 35.84C284.1 33.32 270.2 32 256 32C132.3 32 32 132.3 32 256C32 379.7 132.3 480 256 480C379.7 480 480 379.7 480 256C480 241.8 478.7 227.9 476.2 214.5C477.3 213.4 478.4 212.2 479.4 211.1L502.2 185.7C508.6 208 512 231.6 512 256C512 397.4 397.4 512 256 512C114.6 512 0 397.4 0 256C0 114.6 114.6 0 256 0C280.4 0 303.1 3.406 326.3 9.768L300.9 32.58zM275.5 105.2L279.7 130.2C272 128.8 264.1 127.1 255.1 127.1C185.3 127.1 127.1 185.3 127.1 255.1C127.1 326.7 185.3 384 255.1 384C326.7 384 384 326.7 384 255.1C384 247.9 383.2 239.1 381.8 232.3L406.8 236.5C409.5 236.9 412.2 237.2 414.9 237.4C415.6 243.5 416 249.7 416 255.1C416 344.4 344.4 416 256 416C167.6 416 96 344.4 96 255.1C96 167.6 167.6 95.1 256 95.1C262.3 95.1 268.5 96.36 274.6 97.07C274.8 99.78 275.1 102.5 275.5 105.2H275.5zM341.5 193.1L267.3 267.3C261.1 273.6 250.9 273.6 244.7 267.3C238.4 261.1 238.4 250.9 244.7 244.7L318.9 170.5L307.1 100.1C304.4 83.79 310.2 67.26 322.6 56.3L371.1 12.37C385.1 .7184 405.9 6.611 410.9 23.42L428.8 83.15L488.6 101.1C505.4 106.1 511.3 126.9 499.6 140L455.7 189.4C444.7 201.8 428.2 207.6 411.9 204.9L341.5 193.1zM369.3 165.3L417.2 173.3C422.6 174.2 428.1 172.3 431.8 168.2L467.4 128.1L420.6 114.1L369.3 165.3zM397.9 91.44L383.9 44.62L343.8 80.22C339.7 83.87 337.8 89.38 338.7 94.8L346.7 142.7L397.9 91.44z\"><\/path><\/svg>\t\t\t\t<\/span>\n\t\t\t<\/div>\n\t\t\t\n\t\t\t\t\t\t<div class=\"elementor-icon-box-content\">\n\n\t\t\t\t\t\t\t\t\t<h3 class=\"elementor-icon-box-title\">\n\t\t\t\t\t\t<span  >\n\t\t\t\t\t\t\tObjetivo\t\t\t\t\t\t<\/span>\n\t\t\t\t\t<\/h3>\n\t\t\t\t\n\t\t\t\t\t\t\t\t\t<p class=\"elementor-icon-box-description\">\n\t\t\t\t\t\tLogra una apariencia m\u00e1s juvenil sin perder la naturalidad de su rostro.\t\t\t\t\t<\/p>\n\t\t\t\t\n\t\t\t<\/div>\n\t\t\t\n\t\t<\/div>\n\t\t\t\t\t\t<\/div>\n\t\t\t\t<\/div>\n\t\t\t\t<div class=\"elementor-element elementor-element-30fcba8a elementor-position-inline-start elementor-mobile-position-inline-start elementor-view-default elementor-widget elementor-widget-icon-box\" data-id=\"30fcba8a\" data-element_type=\"widget\" data-e-type=\"widget\" data-widget_type=\"icon-box.default\">\n\t\t\t\t<div class=\"elementor-widget-container\">\n\t\t\t\t\t\t\t<div class=\"elementor-icon-box-wrapper\">\n\n\t\t\t\t\t\t<div class=\"elementor-icon-box-icon\">\n\t\t\t\t<span  class=\"elementor-icon\">\n\t\t\t\t<svg xmlns=\"http:\/\/www.w3.org\/2000\/svg\" viewBox=\"0 0 448 512\"><path d=\"M224 256c70.7 0 128-57.31 128-128s-57.3-128-128-128C153.3 0 96 57.31 96 128S153.3 256 224 256zM224 32c52.94 0 96 43.06 96 96c0 52.93-43.06 96-96 96S128 180.9 128 128C128 75.06 171.1 32 224 32zM274.7 304H173.3C77.61 304 0 381.6 0 477.3c0 19.14 15.52 34.67 34.66 34.67h378.7C432.5 512 448 496.5 448 477.3C448 381.6 370.4 304 274.7 304zM413.3 480H34.66C33.2 480 32 478.8 32 477.3C32 399.4 95.4 336 173.3 336h101.3C352.6 336 416 399.4 416 477.3C416 478.8 414.8 480 413.3 480z\"><\/path><\/svg>\t\t\t\t<\/span>\n\t\t\t<\/div>\n\t\t\t\n\t\t\t\t\t\t<div class=\"elementor-icon-box-content\">\n\n\t\t\t\t\t\t\t\t\t<h3 class=\"elementor-icon-box-title\">\n\t\t\t\t\t\t<span  >\n\t\t\t\t\t\t\tIdeal para\t\t\t\t\t\t<\/span>\n\t\t\t\t\t<\/h3>\n\t\t\t\t\n\t\t\t\t\t\t\t\t\t<p class=\"elementor-icon-box-description\">\n\t\t\t\t\t\tTodo tipo de piel y quienes deseen prevenir, mejorar y\/o atenuar su apariencia juvenil.\t\t\t\t\t<\/p>\n\t\t\t\t\n\t\t\t<\/div>\n\t\t\t\n\t\t<\/div>\n\t\t\t\t\t\t<\/div>\n\t\t\t\t<\/div>\n\t\t\t\t<div class=\"elementor-element elementor-element-e67db8e elementor-position-inline-start elementor-mobile-position-inline-start elementor-view-default elementor-widget elementor-widget-icon-box\" data-id=\"e67db8e\" data-element_type=\"widget\" data-e-type=\"widget\" data-widget_type=\"icon-box.default\">\n\t\t\t\t<div class=\"elementor-widget-container\">\n\t\t\t\t\t\t\t<div class=\"elementor-icon-box-wrapper\">\n\n\t\t\t\t\t\t<div class=\"elementor-icon-box-icon\">\n\t\t\t\t<span  class=\"elementor-icon\">\n\t\t\t\t<svg xmlns=\"http:\/\/www.w3.org\/2000\/svg\" viewBox=\"0 0 448 512\"><path d=\"M96 368C96 359.2 103.2 352 112 352H240C248.8 352 256 359.2 256 368C256 376.8 248.8 384 240 384H112C103.2 384 96 376.8 96 368zM336 256C344.8 256 352 263.2 352 272C352 280.8 344.8 288 336 288H112C103.2 288 96 280.8 96 272C96 263.2 103.2 256 112 256H336zM112 0C120.8 0 128 7.164 128 16V64H320V16C320 7.164 327.2 0 336 0C344.8 0 352 7.164 352 16V64H384C419.3 64 448 92.65 448 128V448C448 483.3 419.3 512 384 512H64C28.65 512 0 483.3 0 448V128C0 92.65 28.65 64 64 64H96V16C96 7.164 103.2 0 112 0zM416 192H32V448C32 465.7 46.33 480 64 480H384C401.7 480 416 465.7 416 448V192zM384 96H64C46.33 96 32 110.3 32 128V160H416V128C416 110.3 401.7 96 384 96z\"><\/path><\/svg>\t\t\t\t<\/span>\n\t\t\t<\/div>\n\t\t\t\n\t\t\t\t\t\t<div class=\"elementor-icon-box-content\">\n\n\t\t\t\t\t\t\t\t\t<h3 class=\"elementor-icon-box-title\">\n\t\t\t\t\t\t<span  >\n\t\t\t\t\t\t\tSesiones\t\t\t\t\t\t<\/span>\n\t\t\t\t\t<\/h3>\n\t\t\t\t\n\t\t\t\t\t\t\t\t\t<p class=\"elementor-icon-box-description\">\n\t\t\t\t\t\tPersonalizado\t\t\t\t\t<\/p>\n\t\t\t\t\n\t\t\t<\/div>\n\t\t\t\n\t\t<\/div>\n\t\t\t\t\t\t<\/div>\n\t\t\t\t<\/div>\n\t\t\t\t<div class=\"elementor-element elementor-element-e7d7fee elementor-position-inline-start elementor-mobile-position-inline-start elementor-view-default elementor-widget elementor-widget-icon-box\" data-id=\"e7d7fee\" data-element_type=\"widget\" data-e-type=\"widget\" data-widget_type=\"icon-box.default\">\n\t\t\t\t<div class=\"elementor-widget-container\">\n\t\t\t\t\t\t\t<div class=\"elementor-icon-box-wrapper\">\n\n\t\t\t\t\t\t<div class=\"elementor-icon-box-icon\">\n\t\t\t\t<span  class=\"elementor-icon\">\n\t\t\t\t<svg xmlns=\"http:\/\/www.w3.org\/2000\/svg\" viewBox=\"0 0 512 512\"><path d=\"M240 112C240 103.2 247.2 96 256 96C264.8 96 272 103.2 272 112V247.4L360.9 306.7C368.2 311.6 370.2 321.5 365.3 328.9C360.4 336.2 350.5 338.2 343.1 333.3L247.1 269.3C242.7 266.3 239.1 261.3 239.1 256L240 112zM256 0C397.4 0 512 114.6 512 256C512 397.4 397.4 512 256 512C114.6 512 0 397.4 0 256C0 114.6 114.6 0 256 0zM32 256C32 379.7 132.3 480 256 480C379.7 480 480 379.7 480 256C480 132.3 379.7 32 256 32C132.3 32 32 132.3 32 256z\"><\/path><\/svg>\t\t\t\t<\/span>\n\t\t\t<\/div>\n\t\t\t\n\t\t\t\t\t\t<div class=\"elementor-icon-box-content\">\n\n\t\t\t\t\t\t\t\t\t<h3 class=\"elementor-icon-box-title\">\n\t\t\t\t\t\t<span  >\n\t\t\t\t\t\t\tDuraci\u00f3n\t\t\t\t\t\t<\/span>\n\t\t\t\t\t<\/h3>\n\t\t\t\t\n\t\t\t\t\t\t\t\t\t<p class=\"elementor-icon-box-description\">\n\t\t\t\t\t\t10-15 mins.\t\t\t\t\t<\/p>\n\t\t\t\t\n\t\t\t<\/div>\n\t\t\t\n\t\t<\/div>\n\t\t\t\t\t\t<\/div>\n\t\t\t\t<\/div>\n\t\t\t\t\t<\/div>\n\t\t<\/div>\n\t\t\t\t<div class=\"elementor-column elementor-col-50 elementor-top-column elementor-element elementor-element-278cb9\" data-id=\"278cb9\" data-element_type=\"column\" data-e-type=\"column\">\n\t\t\t<div class=\"elementor-widget-wrap elementor-element-populated\">\n\t\t\t\t\t\t<div class=\"elementor-element elementor-element-49384ce1 elementor-position-inline-start elementor-mobile-position-inline-start elementor-view-default elementor-widget elementor-widget-icon-box\" data-id=\"49384ce1\" data-element_type=\"widget\" data-e-type=\"widget\" data-widget_type=\"icon-box.default\">\n\t\t\t\t<div class=\"elementor-widget-container\">\n\t\t\t\t\t\t\t<div class=\"elementor-icon-box-wrapper\">\n\n\t\t\t\t\t\t<div class=\"elementor-icon-box-icon\">\n\t\t\t\t<span  class=\"elementor-icon\">\n\t\t\t\t<svg xmlns=\"http:\/\/www.w3.org\/2000\/svg\" viewBox=\"0 0 512 512\"><path d=\"M256 368C299.4 368 329.1 346.2 347.9 325.5C353.7 318.8 363.8 318.1 370.5 323.9C377.2 329.7 377.9 339.8 372.1 346.5C349.8 372.1 311.1 400 256 400C200.9 400 162.2 372.1 139.9 346.5C134.1 339.8 134.8 329.7 141.5 323.9C148.2 318.1 158.3 318.8 164.1 325.5C182 346.2 212.6 368 256 368H256zM200.4 208C200.4 221.3 189.6 232 176.4 232C163.1 232 152.4 221.3 152.4 208C152.4 194.7 163.1 184 176.4 184C189.6 184 200.4 194.7 200.4 208zM278.4 236.8C271.3 231.5 269.9 221.5 275.2 214.4C305.6 173.9 366.4 173.9 396.8 214.4C402.1 221.5 400.7 231.5 393.6 236.8C386.5 242.1 376.5 240.7 371.2 233.6C353.6 210.1 318.4 210.1 300.8 233.6C295.5 240.7 285.5 242.1 278.4 236.8zM512 256C512 397.4 397.4 512 256 512C114.6 512 0 397.4 0 256C0 114.6 114.6 0 256 0C397.4 0 512 114.6 512 256zM256 32C132.3 32 32 132.3 32 256C32 379.7 132.3 480 256 480C379.7 480 480 379.7 480 256C480 132.3 379.7 32 256 32z\"><\/path><\/svg>\t\t\t\t<\/span>\n\t\t\t<\/div>\n\t\t\t\n\t\t\t\t\t\t<div class=\"elementor-icon-box-content\">\n\n\t\t\t\t\t\t\t\t\t<h3 class=\"elementor-icon-box-title\">\n\t\t\t\t\t\t<span  >\n\t\t\t\t\t\t\tResultados\t\t\t\t\t\t<\/span>\n\t\t\t\t\t<\/h3>\n\t\t\t\t\n\t\t\t\t\t\t\t\t\t<p class=\"elementor-icon-box-description\">\n\t\t\t\t\t\tSe pueden ver desde la 1ra sesi\u00f3n.\t\t\t\t\t<\/p>\n\t\t\t\t\n\t\t\t<\/div>\n\t\t\t\n\t\t<\/div>\n\t\t\t\t\t\t<\/div>\n\t\t\t\t<\/div>\n\t\t\t\t<div class=\"elementor-element elementor-element-40810042 elementor-position-inline-start elementor-mobile-position-inline-start elementor-view-default elementor-widget elementor-widget-icon-box\" data-id=\"40810042\" data-element_type=\"widget\" data-e-type=\"widget\" data-widget_type=\"icon-box.default\">\n\t\t\t\t<div class=\"elementor-widget-container\">\n\t\t\t\t\t\t\t<div class=\"elementor-icon-box-wrapper\">\n\n\t\t\t\t\t\t<div class=\"elementor-icon-box-icon\">\n\t\t\t\t<span  class=\"elementor-icon\">\n\t\t\t\t<svg xmlns=\"http:\/\/www.w3.org\/2000\/svg\" viewBox=\"0 0 512 512\"><path d=\"M480 256c0 123.5-100.4 223.9-223.9 223.9c-69.41 0-133.9-31.3-176.7-86.05c-5.438-6.938-4.203-17 2.75-22.44c6.984-5.531 17.03-4.25 22.47 2.75C141.3 421.1 196.5 448 256 448c105.9 0 192-86.13 192-192s-86.13-192-192-192C187.1 64 124.5 100.7 90.15 160H176C184.8 160 192 167.2 192 176S184.8 192 176 192h-128C39.16 192 32 184.8 32 176v-128C32 39.16 39.16 32 48 32S64 39.16 64 48v93.56C104.4 73.87 176.6 32.11 256.1 32.11C379.6 32.11 480 132.5 480 256z\"><\/path><\/svg>\t\t\t\t<\/span>\n\t\t\t<\/div>\n\t\t\t\n\t\t\t\t\t\t<div class=\"elementor-icon-box-content\">\n\n\t\t\t\t\t\t\t\t\t<h3 class=\"elementor-icon-box-title\">\n\t\t\t\t\t\t<span  >\n\t\t\t\t\t\t\tCuidado Pre\t\t\t\t\t\t<\/span>\n\t\t\t\t\t<\/h3>\n\t\t\t\t\n\t\t\t\t\t\t\t\t\t<p class=\"elementor-icon-box-description\">\n\t\t\t\t\t\tEvitar alcohol 2-3 d\u00edas antes.\t\t\t\t\t<\/p>\n\t\t\t\t\n\t\t\t<\/div>\n\t\t\t\n\t\t<\/div>\n\t\t\t\t\t\t<\/div>\n\t\t\t\t<\/div>\n\t\t\t\t<div class=\"elementor-element elementor-element-398f8009 elementor-position-inline-start elementor-mobile-position-inline-start elementor-view-default elementor-widget elementor-widget-icon-box\" data-id=\"398f8009\" data-element_type=\"widget\" data-e-type=\"widget\" data-widget_type=\"icon-box.default\">\n\t\t\t\t<div class=\"elementor-widget-container\">\n\t\t\t\t\t\t\t<div class=\"elementor-icon-box-wrapper\">\n\n\t\t\t\t\t\t<div class=\"elementor-icon-box-icon\">\n\t\t\t\t<span  class=\"elementor-icon\">\n\t\t\t\t<svg xmlns=\"http:\/\/www.w3.org\/2000\/svg\" viewBox=\"0 0 512 512\"><path d=\"M255.9 32.11c79.47 0 151.8 41.76 192.1 109.4V48C448 39.16 455.2 32 464 32S480 39.16 480 48v128C480 184.8 472.8 192 464 192h-128C327.2 192 320 184.8 320 176S327.2 160 336 160h85.85C387.5 100.7 324.9 64 256 64C150.1 64 64 150.1 64 256s86.13 192 192 192c59.48 0 114.7-26.91 151.3-73.84c5.438-7 15.48-8.281 22.47-2.75c6.953 5.438 8.187 15.5 2.75 22.44c-42.8 54.75-107.3 86.05-176.7 86.05C132.4 479.9 32 379.5 32 256S132.4 32.11 255.9 32.11z\"><\/path><\/svg>\t\t\t\t<\/span>\n\t\t\t<\/div>\n\t\t\t\n\t\t\t\t\t\t<div class=\"elementor-icon-box-content\">\n\n\t\t\t\t\t\t\t\t\t<h3 class=\"elementor-icon-box-title\">\n\t\t\t\t\t\t<span  >\n\t\t\t\t\t\t\tCuidado Post\t\t\t\t\t\t<\/span>\n\t\t\t\t\t<\/h3>\n\t\t\t\t\n\t\t\t\t\t\t\t\t\t<p class=\"elementor-icon-box-description\">\n\t\t\t\t\t\tNo realizarse faciales por una semana, ning\u00fan ejercicio por 24hrs y solo se puede acostar boca arriba en las primeras 10hrs.\n\t\t\t\t\t<\/p>\n\t\t\t\t\n\t\t\t<\/div>\n\t\t\t\n\t\t<\/div>\n\t\t\t\t\t\t<\/div>\n\t\t\t\t<\/div>\n\t\t\t\t<div class=\"elementor-element elementor-element-46415209 elementor-position-inline-start elementor-mobile-position-inline-start elementor-view-default elementor-widget elementor-widget-icon-box\" data-id=\"46415209\" data-element_type=\"widget\" data-e-type=\"widget\" data-widget_type=\"icon-box.default\">\n\t\t\t\t<div class=\"elementor-widget-container\">\n\t\t\t\t\t\t\t<div class=\"elementor-icon-box-wrapper\">\n\n\t\t\t\t\t\t<div class=\"elementor-icon-box-icon\">\n\t\t\t\t<span  class=\"elementor-icon\">\n\t\t\t\t<svg xmlns=\"http:\/\/www.w3.org\/2000\/svg\" viewBox=\"0 0 576 512\"><path d=\"M112 0C120.8 0 128 7.164 128 16V64H320V16C320 7.164 327.2 0 336 0C344.8 0 352 7.164 352 16V64H384C419.3 64 448 92.65 448 128V192.7C442.7 192.2 437.4 192 432 192C426.6 192 421.3 192.2 416 192.7V192H32V448C32 465.7 46.33 480 64 480H296.2C306.3 492.1 317.9 502.9 330.8 512H64C28.65 512 0 483.3 0 448V128C0 92.65 28.65 64 64 64H96V16C96 7.164 103.2 0 112 0zM384 96H64C46.33 96 32 110.3 32 128V160H416V128C416 110.3 401.7 96 384 96zM431.1 288C440.8 288 447.1 295.2 447.1 304V352H480C488.8 352 496 359.2 496 368C496 376.8 488.8 384 480 384H431.1C423.2 384 415.1 376.8 415.1 368V304C415.1 295.2 423.2 288 431.1 288V288zM288 368C288 288.5 352.5 224 432 224C511.5 224 576 288.5 576 368C576 447.5 511.5 512 432 512C352.5 512 288 447.5 288 368zM432 480C493.9 480 544 429.9 544 368C544 306.1 493.9 256 432 256C370.1 256 320 306.1 320 368C320 429.9 370.1 480 432 480z\"><\/path><\/svg>\t\t\t\t<\/span>\n\t\t\t<\/div>\n\t\t\t\n\t\t\t\t\t\t<div class=\"elementor-icon-box-content\">\n\n\t\t\t\t\t\t\t\t\t<h3 class=\"elementor-icon-box-title\">\n\t\t\t\t\t\t<span  >\n\t\t\t\t\t\t\tFrecuencia\t\t\t\t\t\t<\/span>\n\t\t\t\t\t<\/h3>\n\t\t\t\t\n\t\t\t\t\t\t\t\t\t<p class=\"elementor-icon-box-description\">\n\t\t\t\t\t\t1 semana a 10 d\u00edas\n\t\t\t\t\t<\/p>\n\t\t\t\t\n\t\t\t<\/div>\n\t\t\t\n\t\t<\/div>\n\t\t\t\t\t\t<\/div>\n\t\t\t\t<\/div>\n\t\t\t\t\t<\/div>\n\t\t<\/div>\n\t\t\t\t\t<\/div>\n\t\t<\/section>\n\t\t\t\t<section class=\"wd-negative-gap elementor-section elementor-top-section elementor-element elementor-element-102d9e0 elementor-section-boxed elementor-section-height-default elementor-section-height-default\" data-id=\"102d9e0\" data-element_type=\"section\" data-e-type=\"section\">\n\t\t\t\t\t\t<div class=\"elementor-container elementor-column-gap-default\">\n\t\t\t\t\t<div class=\"elementor-column elementor-col-100 elementor-top-column elementor-element elementor-element-3eb61a3\" data-id=\"3eb61a3\" data-element_type=\"column\" data-e-type=\"column\">\n\t\t\t<div class=\"elementor-widget-wrap elementor-element-populated\">\n\t\t\t\t\t\t<div class=\"elementor-element elementor-element-da86994 color-scheme-inherit text-left elementor-widget elementor-widget-text-editor\" data-id=\"da86994\" data-element_type=\"widget\" data-e-type=\"widget\" data-widget_type=\"text-editor.default\">\n\t\t\t\t<div class=\"elementor-widget-container\">\n\t\t\t\t\t\t\t\t\t[instagram-feed feed=4]\t\t\t\t\t\t\t\t<\/div>\n\t\t\t\t<\/div>\n\t\t\t\t\t<\/div>\n\t\t<\/div>\n\t\t\t\t\t<\/div>\n\t\t<\/section>\n\t\t\t\t<\/div>\n\t\t","protected":false},"excerpt":{"rendered":"<p>B\u00f3tox Desvanecedor de l\u00edneas de expresi\u00f3n y arrugas El B\u00f3tox se realiza por medio de inyecciones en ciertos m\u00fasculos faciales<\/p>","protected":false},"author":2,"featured_media":0,"parent":0,"menu_order":0,"comment_status":"closed","ping_status":"closed","template":"","meta":{"footnotes":"","_links_to":"","_links_to_target":""},"class_list":["post-9491","page","type-page","status-publish","hentry"],"yoast_head":"<!-- This site is optimized with the Yoast SEO plugin v27.1.1 - https:\/\/yoast.com\/product\/yoast-seo-wordpress\/ -->\n<title>Botox - SCULPTOR<\/title>\n<meta name=\"description\" content=\"Botox -\" \/>\n<meta name=\"robots\" content=\"index, follow, max-snippet:-1, max-image-preview:large, max-video-preview:-1\" \/>\n<link rel=\"canonical\" href=\"https:\/\/sculptorclinic.com\/en\/botox\/\" \/>\n<meta property=\"og:locale\" content=\"en_US\" \/>\n<meta property=\"og:type\" content=\"article\" \/>\n<meta property=\"og:title\" content=\"Botox - SCULPTOR\" \/>\n<meta property=\"og:description\" content=\"Botox -\" \/>\n<meta property=\"og:url\" content=\"https:\/\/sculptorclinic.com\/en\/botox\/\" \/>\n<meta property=\"og:site_name\" content=\"SCULPTOR\" \/>\n<meta property=\"article:publisher\" content=\"https:\/\/www.facebook.com\/profile.php?id=100054454781434\" \/>\n<meta property=\"article:modified_time\" content=\"2023-01-24T17:59:09+00:00\" \/>\n<meta property=\"og:image\" content=\"https:\/\/sculptorclinic.com\/wp-content\/uploads\/2023\/04\/sculptor.jpg\" \/>\n\t<meta property=\"og:image:width\" content=\"600\" \/>\n\t<meta property=\"og:image:height\" content=\"600\" \/>\n\t<meta property=\"og:image:type\" content=\"image\/jpeg\" \/>\n<meta name=\"twitter:card\" content=\"summary_large_image\" \/>\n<meta name=\"twitter:label1\" content=\"Est. reading time\" \/>\n\t<meta name=\"twitter:data1\" content=\"1 minute\" \/>\n<script type=\"application\/ld+json\" class=\"yoast-schema-graph\">{\"@context\":\"https:\/\/schema.org\",\"@graph\":[{\"@type\":\"WebPage\",\"@id\":\"https:\/\/sculptorclinic.com\/botox\/\",\"url\":\"https:\/\/sculptorclinic.com\/botox\/\",\"name\":\"Botox - SCULPTOR\",\"isPartOf\":{\"@id\":\"https:\/\/sculptorclinic.com\/#website\"},\"datePublished\":\"2023-01-24T17:53:38+00:00\",\"dateModified\":\"2023-01-24T17:59:09+00:00\",\"description\":\"Botox -\",\"breadcrumb\":{\"@id\":\"https:\/\/sculptorclinic.com\/botox\/#breadcrumb\"},\"inLanguage\":\"en-US\",\"potentialAction\":[{\"@type\":\"ReadAction\",\"target\":[\"https:\/\/sculptorclinic.com\/botox\/\"]}]},{\"@type\":\"BreadcrumbList\",\"@id\":\"https:\/\/sculptorclinic.com\/botox\/#breadcrumb\",\"itemListElement\":[{\"@type\":\"ListItem\",\"position\":1,\"name\":\"Home\",\"item\":\"https:\/\/sculptorclinic.com\/\"},{\"@type\":\"ListItem\",\"position\":2,\"name\":\"Botox\"}]},{\"@type\":\"WebSite\",\"@id\":\"https:\/\/sculptorclinic.com\/#website\",\"url\":\"https:\/\/sculptorclinic.com\/\",\"name\":\"SCULPTOR CLINIC\",\"description\":\"State-of-the-Art Clinic\",\"publisher\":{\"@id\":\"https:\/\/sculptorclinic.com\/#organization\"},\"potentialAction\":[{\"@type\":\"SearchAction\",\"target\":{\"@type\":\"EntryPoint\",\"urlTemplate\":\"https:\/\/sculptorclinic.com\/?s={search_term_string}\"},\"query-input\":{\"@type\":\"PropertyValueSpecification\",\"valueRequired\":true,\"valueName\":\"search_term_string\"}}],\"inLanguage\":\"en-US\"},{\"@type\":\"Organization\",\"@id\":\"https:\/\/sculptorclinic.com\/#organization\",\"name\":\"SCULPTOR CLINIC\",\"url\":\"https:\/\/sculptorclinic.com\/\",\"logo\":{\"@type\":\"ImageObject\",\"inLanguage\":\"en-US\",\"@id\":\"https:\/\/sculptorclinic.com\/#\/schema\/logo\/image\/\",\"url\":\"https:\/\/sculptorclinic.com\/wp-content\/uploads\/2022\/03\/logo-sculptor-ngo-cs.svg\",\"contentUrl\":\"https:\/\/sculptorclinic.com\/wp-content\/uploads\/2022\/03\/logo-sculptor-ngo-cs.svg\",\"width\":300,\"height\":65,\"caption\":\"SCULPTOR CLINIC\"},\"image\":{\"@id\":\"https:\/\/sculptorclinic.com\/#\/schema\/logo\/image\/\"},\"sameAs\":[\"https:\/\/www.facebook.com\/profile.php?id=100054454781434\",\"https:\/\/www.instagram.com\/sculptoracademy\/\"]}]}<\/script>\n<!-- \/ Yoast SEO plugin. -->","yoast_head_json":{"title":"Botox - SCULPTOR","description":"Botox -","robots":{"index":"index","follow":"follow","max-snippet":"max-snippet:-1","max-image-preview":"max-image-preview:large","max-video-preview":"max-video-preview:-1"},"canonical":"https:\/\/sculptorclinic.com\/en\/botox\/","og_locale":"en_US","og_type":"article","og_title":"Botox - SCULPTOR","og_description":"Botox -","og_url":"https:\/\/sculptorclinic.com\/en\/botox\/","og_site_name":"SCULPTOR","article_publisher":"https:\/\/www.facebook.com\/profile.php?id=100054454781434","article_modified_time":"2023-01-24T17:59:09+00:00","og_image":[{"width":600,"height":600,"url":"https:\/\/sculptorclinic.com\/wp-content\/uploads\/2023\/04\/sculptor.jpg","type":"image\/jpeg"}],"twitter_card":"summary_large_image","twitter_misc":{"Est. reading time":"1 minute"},"schema":{"@context":"https:\/\/schema.org","@graph":[{"@type":"WebPage","@id":"https:\/\/sculptorclinic.com\/botox\/","url":"https:\/\/sculptorclinic.com\/botox\/","name":"Botox - SCULPTOR","isPartOf":{"@id":"https:\/\/sculptorclinic.com\/#website"},"datePublished":"2023-01-24T17:53:38+00:00","dateModified":"2023-01-24T17:59:09+00:00","description":"Botox -","breadcrumb":{"@id":"https:\/\/sculptorclinic.com\/botox\/#breadcrumb"},"inLanguage":"en-US","potentialAction":[{"@type":"ReadAction","target":["https:\/\/sculptorclinic.com\/botox\/"]}]},{"@type":"BreadcrumbList","@id":"https:\/\/sculptorclinic.com\/botox\/#breadcrumb","itemListElement":[{"@type":"ListItem","position":1,"name":"Home","item":"https:\/\/sculptorclinic.com\/"},{"@type":"ListItem","position":2,"name":"Botox"}]},{"@type":"WebSite","@id":"https:\/\/sculptorclinic.com\/#website","url":"https:\/\/sculptorclinic.com\/","name":"SCULPTOR CLINIC","description":"State-of-the-Art Clinic","publisher":{"@id":"https:\/\/sculptorclinic.com\/#organization"},"potentialAction":[{"@type":"SearchAction","target":{"@type":"EntryPoint","urlTemplate":"https:\/\/sculptorclinic.com\/?s={search_term_string}"},"query-input":{"@type":"PropertyValueSpecification","valueRequired":true,"valueName":"search_term_string"}}],"inLanguage":"en-US"},{"@type":"Organization","@id":"https:\/\/sculptorclinic.com\/#organization","name":"SCULPTOR CLINIC","url":"https:\/\/sculptorclinic.com\/","logo":{"@type":"ImageObject","inLanguage":"en-US","@id":"https:\/\/sculptorclinic.com\/#\/schema\/logo\/image\/","url":"https:\/\/sculptorclinic.com\/wp-content\/uploads\/2022\/03\/logo-sculptor-ngo-cs.svg","contentUrl":"https:\/\/sculptorclinic.com\/wp-content\/uploads\/2022\/03\/logo-sculptor-ngo-cs.svg","width":300,"height":65,"caption":"SCULPTOR CLINIC"},"image":{"@id":"https:\/\/sculptorclinic.com\/#\/schema\/logo\/image\/"},"sameAs":["https:\/\/www.facebook.com\/profile.php?id=100054454781434","https:\/\/www.instagram.com\/sculptoracademy\/"]}]}},"_links":{"self":[{"href":"https:\/\/sculptorclinic.com\/en\/wp-json\/wp\/v2\/pages\/9491","targetHints":{"allow":["GET"]}}],"collection":[{"href":"https:\/\/sculptorclinic.com\/en\/wp-json\/wp\/v2\/pages"}],"about":[{"href":"https:\/\/sculptorclinic.com\/en\/wp-json\/wp\/v2\/types\/page"}],"author":[{"embeddable":true,"href":"https:\/\/sculptorclinic.com\/en\/wp-json\/wp\/v2\/users\/2"}],"replies":[{"embeddable":true,"href":"https:\/\/sculptorclinic.com\/en\/wp-json\/wp\/v2\/comments?post=9491"}],"version-history":[{"count":6,"href":"https:\/\/sculptorclinic.com\/en\/wp-json\/wp\/v2\/pages\/9491\/revisions"}],"predecessor-version":[{"id":9498,"href":"https:\/\/sculptorclinic.com\/en\/wp-json\/wp\/v2\/pages\/9491\/revisions\/9498"}],"wp:attachment":[{"href":"https:\/\/sculptorclinic.com\/en\/wp-json\/wp\/v2\/media?parent=9491"}],"curies":[{"name":"wp","href":"https:\/\/api.w.org\/{rel}","templated":true}]}}